{"id":1460,"date":"2021-06-09T09:46:25","date_gmt":"2021-06-09T07:46:25","guid":{"rendered":"https:\/\/hookandcook.eu\/nasa-prica\/"},"modified":"2022-05-02T18:19:19","modified_gmt":"2022-05-02T16:19:19","slug":"nasa-prica","status":"publish","type":"page","link":"https:\/\/hookandcook.eu\/hr\/nasa-prica\/","title":{"rendered":"NA\u0160A PRI\u010cA"},"content":{"rendered":"<!--themify_builder_content-->\n<div id=\"themify_builder_content-1460\" data-postid=\"1460\" class=\"themify_builder_content themify_builder_content-1460 themify_builder tf_clear\">\n                    <div  data-css_id=\"t6t7679\" data-lazy=\"1\" class=\"module_row themify_builder_row fullwidth_row_container tb_t6t7679 tb_first tf_w\">\n            <span class=\"builder_row_cover tf_abs\"><\/span>            <div class=\"row_inner col_align_top tb_col_count_1 tf_box tf_rel\">\n                        <div  data-lazy=\"1\" class=\"module_column tb-column col-full tb_mslw680 first\">\n                            <div  data-lazy=\"1\" class=\"module_subrow themify_builder_sub_row tf_w col_align_top tb_col_count_1 tb_s9vr103\">\n                <div  data-lazy=\"1\" class=\"module_column sub_column col-full tb_3jw1104 first\">\n                    <!-- module text -->\n<div  class=\"module module-text tb_dux6504   \" data-lazy=\"1\">\n        <div  class=\"tb_text_wrap\">\n        <h1>HOOK AND COOK PRI\u010cA<\/h1>    <\/div>\n<\/div>\n<!-- \/module text -->        <\/div>\n                    <\/div>\n        <!-- module image -->\n<div  class=\"module module-image tb_pt9v682 image-center   tf_mw\" data-lazy=\"1\">\n        <div class=\"image-wrap tf_rel tf_mw\">\n            <img decoding=\"async\" src=\"https:\/\/hookandcook.eu\/wp-content\/uploads\/2020\/02\/srdelica_brake.png\" width=\"200\" class=\"wp-post-image wp-image-1426\" title=\"srdelica_brake\" alt=\"srdelica_brake\">    \n        <\/div>\n    <!-- \/image-wrap -->\n    \n        <\/div>\n<!-- \/module image -->        <\/div>\n                        <\/div>\n        <\/div>\n                        <div  data-css_id=\"ssb1679\" data-lazy=\"1\" class=\"module_row themify_builder_row fullwidth_row_container tb_ssb1679 tf_w\">\n                        <div class=\"row_inner col_align_middle tb_col_count_1 tf_box tf_rel\">\n                        <div  data-lazy=\"1\" class=\"module_column tb-column col-full tb_4gse682 first\">\n                    <!-- module text -->\n<div  class=\"module module-text tb_ba4c562   \" data-lazy=\"1\">\n        <div  class=\"tb_text_wrap\">\n        <h2 style=\"text-align: center;\">TVRTKA <\/h2>    <\/div>\n<\/div>\n<!-- \/module text --><!-- module text -->\n<div  class=\"module module-text tb_vjf2696   \" data-lazy=\"1\">\n        <div  class=\"tb_text_wrap\">\n        <p dir=\"ltr\">Hook and Cook slavi ljubav prema moru i okuplja lokalne ribare, kuhare i prijatelje zajedno s ciljem unapre\u0111enja odr\u017eivog ribarstva i kvalitete morskih prehrambenih proizvoda. Lovimo i proizvodimo na\u0161e srdele kako bismo potaknuli pobolj\u0161anje ribarstva i educirali ljude o pra\u0107enju podrijetla plodova mora, ribolovnim alatima i ribarima koji se bave ovim poslom. Stoga napredujemo u transformiranju lokalnih ribarskih zajednica i smanjujemo utjecaj prekomjernog ribolova i o\u0161te\u0107enja na okoli\u0161 u godinama koje dolaze.<\/p>    <\/div>\n<\/div>\n<!-- \/module text --><!-- module image -->\n<div  class=\"module module-image tb_r72w853 image-center   tf_mw\" data-lazy=\"1\">\n        <div class=\"image-wrap tf_rel tf_mw\">\n            <img loading=\"lazy\" decoding=\"async\" width=\"800\" height=\"533\" src=\"https:\/\/hookandcook.eu\/wp-content\/uploads\/2020\/05\/IMG_2727-copy.jpg\" class=\"wp-post-image wp-image-1462\" title=\"hook and cook srdele\" alt=\"hook and cook Sini\u0161a-\u010ci\u010di Pavlovi\u0107\" srcset=\"https:\/\/hookandcook.eu\/wp-content\/uploads\/2020\/05\/IMG_2727-copy.jpg 800w, https:\/\/hookandcook.eu\/wp-content\/uploads\/2020\/05\/IMG_2727-copy-400x267.jpg 400w, https:\/\/hookandcook.eu\/wp-content\/uploads\/2020\/05\/IMG_2727-copy-768x512.jpg 768w, https:\/\/hookandcook.eu\/wp-content\/uploads\/2020\/05\/IMG_2727-copy-600x400.jpg 600w\" sizes=\"auto, (max-width: 800px) 100vw, 800px\" \/>    \n        <\/div>\n    <!-- \/image-wrap -->\n    \n        <\/div>\n<!-- \/module image --><!-- module text -->\n<div  class=\"module module-text tb_wrvx11   \" data-lazy=\"1\">\n        <div  class=\"tb_text_wrap\">\n        <h2 style=\"text-align: center;\">LJUDI <\/h2>    <\/div>\n<\/div>\n<!-- \/module text --><!-- module text -->\n<div  class=\"module module-text tb_ht4p30   \" data-lazy=\"1\">\n        <div  class=\"tb_text_wrap\">\n        <p>Hook and Cook vodi tim prijatelja i suosniva\u010da Sini\u0161a Xixi Pavlovi\u0107, Marko Domgjoni i Josip Urti.<\/p>\n<p>Sini\u0161a i Josip odrasli su zajedno dijele\u0107i svoju strast prema morskom \u017eivotu i ribolovu. Josip je biv\u0161i prvak Hrvatske u podvodnom ribolovu, a Sini\u0161a je postao najmla\u0111i kapetan na ribarskom brodu &#8220;Levan&#8221;. <br \/>Marko Domgjoni pomogao je uspje\u0161no uspostaviti festival i priredbe Hook and Cook dok su gradili restoran Hook and Cook u sredi\u0161tu grada Pule. <br \/>Svi zajedno poku\u0161avamo pobolj\u0161ati i obogatiti lokalnu morsku gastronomiju i odr\u017eivi ribolov.<\/p>\n<p>Neprekidno napredujemo. U posljednje vrijeme proizvodnja markiranih srdela Hook and Cook sa zapadnog dijela istarskog poluotoka pomogla nam je da se jo\u0161 vi\u0161e usredoto\u010dimo na odr\u017eivi ribolov. Stoga je ideja u budu\u0107nosti pobolj\u0161ati gastronomiju morske hrane i proizvodnju srdela Hook and Cook.<\/p>    <\/div>\n<\/div>\n<!-- \/module text -->        <\/div>\n                        <\/div>\n        <\/div>\n                        <div  data-lazy=\"1\" class=\"module_row themify_builder_row tb_d0yd65 tf_w\">\n                        <div class=\"row_inner col_align_top tb_col_count_2 tf_box tf_rel\">\n                        <div  data-lazy=\"1\" class=\"module_column tb-column col4-2 tb_xi6c66 first\">\n                    <!-- module image -->\n<div  class=\"module module-image tb_2pzf916 image-top   tf_mw\" data-lazy=\"1\">\n        <div class=\"image-wrap tf_rel tf_mw\">\n            <img loading=\"lazy\" decoding=\"async\" width=\"960\" height=\"640\" src=\"https:\/\/hookandcook.eu\/wp-content\/uploads\/2020\/05\/70375088_752302331889407_6697458150389317632_n.jpg\" class=\"wp-post-image wp-image-1464\" title=\"morska_hrana_restoran_pula\" alt=\"morska_hrana_restoran_pula\" srcset=\"https:\/\/hookandcook.eu\/wp-content\/uploads\/2020\/05\/70375088_752302331889407_6697458150389317632_n.jpg 960w, https:\/\/hookandcook.eu\/wp-content\/uploads\/2020\/05\/70375088_752302331889407_6697458150389317632_n-400x267.jpg 400w, https:\/\/hookandcook.eu\/wp-content\/uploads\/2020\/05\/70375088_752302331889407_6697458150389317632_n-768x512.jpg 768w, https:\/\/hookandcook.eu\/wp-content\/uploads\/2020\/05\/70375088_752302331889407_6697458150389317632_n-600x400.jpg 600w\" sizes=\"auto, (max-width: 960px) 100vw, 960px\" \/>    \n        <\/div>\n    <!-- \/image-wrap -->\n    \n        <\/div>\n<!-- \/module image -->        <\/div>\n                    <div  data-lazy=\"1\" class=\"module_column tb-column col4-2 tb_yc8x594 last\">\n                    <!-- module image -->\n<div  class=\"module module-image tb_c2dr574 image-top   tf_mw\" data-lazy=\"1\">\n        <div class=\"image-wrap tf_rel tf_mw\">\n            <img loading=\"lazy\" decoding=\"async\" width=\"800\" height=\"533\" src=\"https:\/\/hookandcook.eu\/wp-content\/uploads\/2020\/04\/hook-and-cook-events-verudela.jpg\" class=\"wp-post-image wp-image-1466\" title=\"hook and cook doga\u0111aji verudela\" alt=\"hook and cook doga\u0111aji verudela\" srcset=\"https:\/\/hookandcook.eu\/wp-content\/uploads\/2020\/04\/hook-and-cook-events-verudela.jpg 800w, https:\/\/hookandcook.eu\/wp-content\/uploads\/2020\/04\/hook-and-cook-events-verudela-400x267.jpg 400w, https:\/\/hookandcook.eu\/wp-content\/uploads\/2020\/04\/hook-and-cook-events-verudela-768x512.jpg 768w, https:\/\/hookandcook.eu\/wp-content\/uploads\/2020\/04\/hook-and-cook-events-verudela-600x400.jpg 600w\" sizes=\"auto, (max-width: 800px) 100vw, 800px\" \/>    \n        <\/div>\n    <!-- \/image-wrap -->\n    \n        <\/div>\n<!-- \/module image -->        <\/div>\n                        <\/div>\n        <\/div>\n                        <div  data-lazy=\"1\" class=\"module_row themify_builder_row tb_xus9898 tf_w\">\n                        <div class=\"row_inner col_align_top tb_col_count_1 tf_box tf_rel\">\n                        <div  data-lazy=\"1\" class=\"module_column tb-column col-full tb_yz5j899 first\">\n                    <!-- module image -->\n<div  class=\"module module-image tb_x5es115 image-center   tf_mw\" data-lazy=\"1\">\n        <div class=\"image-wrap tf_rel tf_mw\">\n            <img loading=\"lazy\" decoding=\"async\" src=\"https:\/\/hookandcook.eu\/wp-content\/uploads\/2021\/04\/IMG_9398.jpg\" width=\"1200\" height=\"600\" class=\"wp-post-image wp-image-1468\" title=\"IMG_9398\" alt=\"IMG_9398\">    \n        <\/div>\n    <!-- \/image-wrap -->\n    \n        <\/div>\n<!-- \/module image -->        <\/div>\n                        <\/div>\n        <\/div>\n        <\/div>\n<!--\/themify_builder_content-->","protected":false},"excerpt":{"rendered":"<p>HOOK AND COOK PRI\u010cA TVRTKA Hook and Cook slavi ljubav prema moru i okuplja lokalne ribare, kuhare i prijatelje zajedno s ciljem unapre\u0111enja odr\u017eivog ribarstva i kvalitete morskih prehrambenih proizvoda. Lovimo i proizvodimo na\u0161e srdele kako bismo potaknuli pobolj\u0161anje ribarstva i educirali ljude o pra\u0107enju podrijetla plodova mora, ribolovnim alatima i ribarima koji se bave [&hellip;]<\/p>\n","protected":false},"author":2,"featured_media":0,"parent":0,"menu_order":0,"comment_status":"closed","ping_status":"closed","template":"","meta":{"inline_featured_image":false,"_monsterinsights_skip_tracking":false,"_monsterinsights_sitenote_active":false,"_monsterinsights_sitenote_note":"","_monsterinsights_sitenote_category":0,"footnotes":""},"class_list":["post-1460","page","type-page","status-publish","hentry","has-post-title","has-post-date","has-post-category","has-post-tag","has-post-comment","has-post-author",""],"yoast_head":"<!-- This site is optimized with the Yoast SEO plugin v24.2 - https:\/\/yoast.com\/wordpress\/plugins\/seo\/ -->\n<title>Hook and Cook &#8211; NA\u0160A PRI\u010cA koncept brenda hook and cook<\/title>\n<meta name=\"description\" content=\"Kroz festivale i restoran Hook and Cook nudimo spoj lokalnih sastojaka na zanimljiv i druga\u010diji na\u010din.\" \/>\n<meta name=\"robots\" content=\"index, follow, max-snippet:-1, max-image-preview:large, max-video-preview:-1\" \/>\n<link rel=\"canonical\" href=\"https:\/\/hookandcook.eu\/hr\/nasa-prica\/\" \/>\n<meta property=\"og:locale\" content=\"hr_HR\" \/>\n<meta property=\"og:type\" content=\"article\" \/>\n<meta property=\"og:title\" content=\"Hook and Cook &#8211; NA\u0160A PRI\u010cA koncept brenda hook and cook\" \/>\n<meta property=\"og:description\" content=\"Kroz festivale i restoran Hook and Cook nudimo spoj lokalnih sastojaka na zanimljiv i druga\u010diji na\u010din.\" \/>\n<meta property=\"og:url\" content=\"https:\/\/hookandcook.eu\/hr\/nasa-prica\/\" \/>\n<meta property=\"article:publisher\" content=\"https:\/\/www.facebook.com\/HookCook-Pula-318130468639931\/\" \/>\n<meta property=\"article:modified_time\" content=\"2022-05-02T16:19:19+00:00\" \/>\n<meta property=\"og:image\" content=\"https:\/\/hookandcook.eu\/wp-content\/uploads\/2020\/02\/srdelica_brake.png\" \/>\n<meta name=\"twitter:label1\" content=\"Procijenjeno vrijeme \u010ditanja\" \/>\n\t<meta name=\"twitter:data1\" content=\"1 minuta\" \/>\n<script type=\"application\/ld+json\" class=\"yoast-schema-graph\">{\"@context\":\"https:\/\/schema.org\",\"@graph\":[{\"@type\":\"WebPage\",\"@id\":\"https:\/\/hookandcook.eu\/hr\/nasa-prica\/\",\"url\":\"https:\/\/hookandcook.eu\/hr\/nasa-prica\/\",\"name\":\"Hook and Cook &#8211; NA\u0160A PRI\u010cA koncept brenda hook and cook\",\"isPartOf\":{\"@id\":\"http:\/\/hookandcook.eu\/hr\/#website\"},\"primaryImageOfPage\":{\"@id\":\"https:\/\/hookandcook.eu\/hr\/nasa-prica\/#primaryimage\"},\"image\":{\"@id\":\"https:\/\/hookandcook.eu\/hr\/nasa-prica\/#primaryimage\"},\"thumbnailUrl\":\"https:\/\/hookandcook.eu\/wp-content\/uploads\/2020\/02\/srdelica_brake.png\",\"datePublished\":\"2021-06-09T07:46:25+00:00\",\"dateModified\":\"2022-05-02T16:19:19+00:00\",\"description\":\"Kroz festivale i restoran Hook and Cook nudimo spoj lokalnih sastojaka na zanimljiv i druga\u010diji na\u010din.\",\"breadcrumb\":{\"@id\":\"https:\/\/hookandcook.eu\/hr\/nasa-prica\/#breadcrumb\"},\"inLanguage\":\"hr\",\"potentialAction\":[{\"@type\":\"ReadAction\",\"target\":[\"https:\/\/hookandcook.eu\/hr\/nasa-prica\/\"]}]},{\"@type\":\"ImageObject\",\"inLanguage\":\"hr\",\"@id\":\"https:\/\/hookandcook.eu\/hr\/nasa-prica\/#primaryimage\",\"url\":\"https:\/\/hookandcook.eu\/wp-content\/uploads\/2020\/02\/srdelica_brake.png\",\"contentUrl\":\"https:\/\/hookandcook.eu\/wp-content\/uploads\/2020\/02\/srdelica_brake.png\"},{\"@type\":\"BreadcrumbList\",\"@id\":\"https:\/\/hookandcook.eu\/hr\/nasa-prica\/#breadcrumb\",\"itemListElement\":[{\"@type\":\"ListItem\",\"position\":1,\"name\":\"Home\",\"item\":\"http:\/\/hookandcook.eu\/hr\/\"},{\"@type\":\"ListItem\",\"position\":2,\"name\":\"NA\u0160A PRI\u010cA\"}]},{\"@type\":\"WebSite\",\"@id\":\"http:\/\/hookandcook.eu\/hr\/#website\",\"url\":\"http:\/\/hookandcook.eu\/hr\/\",\"name\":\"\",\"description\":\"Hook&amp;Cook\",\"publisher\":{\"@id\":\"http:\/\/hookandcook.eu\/hr\/#organization\"},\"potentialAction\":[{\"@type\":\"SearchAction\",\"target\":{\"@type\":\"EntryPoint\",\"urlTemplate\":\"http:\/\/hookandcook.eu\/hr\/?s={search_term_string}\"},\"query-input\":{\"@type\":\"PropertyValueSpecification\",\"valueRequired\":true,\"valueName\":\"search_term_string\"}}],\"inLanguage\":\"hr\"},{\"@type\":\"Organization\",\"@id\":\"http:\/\/hookandcook.eu\/hr\/#organization\",\"name\":\"Hook and Cook\",\"url\":\"http:\/\/hookandcook.eu\/hr\/\",\"logo\":{\"@type\":\"ImageObject\",\"inLanguage\":\"hr\",\"@id\":\"http:\/\/hookandcook.eu\/hr\/#\/schema\/logo\/image\/\",\"url\":\"\",\"contentUrl\":\"\",\"caption\":\"Hook and Cook\"},\"image\":{\"@id\":\"http:\/\/hookandcook.eu\/hr\/#\/schema\/logo\/image\/\"},\"sameAs\":[\"https:\/\/www.facebook.com\/HookCook-Pula-318130468639931\/\"]}]}<\/script>\n<!-- \/ Yoast SEO plugin. -->","yoast_head_json":{"title":"Hook and Cook &#8211; NA\u0160A PRI\u010cA koncept brenda hook and cook","description":"Kroz festivale i restoran Hook and Cook nudimo spoj lokalnih sastojaka na zanimljiv i druga\u010diji na\u010din.","robots":{"index":"index","follow":"follow","max-snippet":"max-snippet:-1","max-image-preview":"max-image-preview:large","max-video-preview":"max-video-preview:-1"},"canonical":"https:\/\/hookandcook.eu\/hr\/nasa-prica\/","og_locale":"hr_HR","og_type":"article","og_title":"Hook and Cook &#8211; NA\u0160A PRI\u010cA koncept brenda hook and cook","og_description":"Kroz festivale i restoran Hook and Cook nudimo spoj lokalnih sastojaka na zanimljiv i druga\u010diji na\u010din.","og_url":"https:\/\/hookandcook.eu\/hr\/nasa-prica\/","article_publisher":"https:\/\/www.facebook.com\/HookCook-Pula-318130468639931\/","article_modified_time":"2022-05-02T16:19:19+00:00","og_image":[{"url":"https:\/\/hookandcook.eu\/wp-content\/uploads\/2020\/02\/srdelica_brake.png","type":"","width":"","height":""}],"twitter_misc":{"Procijenjeno vrijeme \u010ditanja":"1 minuta"},"schema":{"@context":"https:\/\/schema.org","@graph":[{"@type":"WebPage","@id":"https:\/\/hookandcook.eu\/hr\/nasa-prica\/","url":"https:\/\/hookandcook.eu\/hr\/nasa-prica\/","name":"Hook and Cook &#8211; NA\u0160A PRI\u010cA koncept brenda hook and cook","isPartOf":{"@id":"http:\/\/hookandcook.eu\/hr\/#website"},"primaryImageOfPage":{"@id":"https:\/\/hookandcook.eu\/hr\/nasa-prica\/#primaryimage"},"image":{"@id":"https:\/\/hookandcook.eu\/hr\/nasa-prica\/#primaryimage"},"thumbnailUrl":"https:\/\/hookandcook.eu\/wp-content\/uploads\/2020\/02\/srdelica_brake.png","datePublished":"2021-06-09T07:46:25+00:00","dateModified":"2022-05-02T16:19:19+00:00","description":"Kroz festivale i restoran Hook and Cook nudimo spoj lokalnih sastojaka na zanimljiv i druga\u010diji na\u010din.","breadcrumb":{"@id":"https:\/\/hookandcook.eu\/hr\/nasa-prica\/#breadcrumb"},"inLanguage":"hr","potentialAction":[{"@type":"ReadAction","target":["https:\/\/hookandcook.eu\/hr\/nasa-prica\/"]}]},{"@type":"ImageObject","inLanguage":"hr","@id":"https:\/\/hookandcook.eu\/hr\/nasa-prica\/#primaryimage","url":"https:\/\/hookandcook.eu\/wp-content\/uploads\/2020\/02\/srdelica_brake.png","contentUrl":"https:\/\/hookandcook.eu\/wp-content\/uploads\/2020\/02\/srdelica_brake.png"},{"@type":"BreadcrumbList","@id":"https:\/\/hookandcook.eu\/hr\/nasa-prica\/#breadcrumb","itemListElement":[{"@type":"ListItem","position":1,"name":"Home","item":"http:\/\/hookandcook.eu\/hr\/"},{"@type":"ListItem","position":2,"name":"NA\u0160A PRI\u010cA"}]},{"@type":"WebSite","@id":"http:\/\/hookandcook.eu\/hr\/#website","url":"http:\/\/hookandcook.eu\/hr\/","name":"","description":"Hook&amp;Cook","publisher":{"@id":"http:\/\/hookandcook.eu\/hr\/#organization"},"potentialAction":[{"@type":"SearchAction","target":{"@type":"EntryPoint","urlTemplate":"http:\/\/hookandcook.eu\/hr\/?s={search_term_string}"},"query-input":{"@type":"PropertyValueSpecification","valueRequired":true,"valueName":"search_term_string"}}],"inLanguage":"hr"},{"@type":"Organization","@id":"http:\/\/hookandcook.eu\/hr\/#organization","name":"Hook and Cook","url":"http:\/\/hookandcook.eu\/hr\/","logo":{"@type":"ImageObject","inLanguage":"hr","@id":"http:\/\/hookandcook.eu\/hr\/#\/schema\/logo\/image\/","url":"","contentUrl":"","caption":"Hook and Cook"},"image":{"@id":"http:\/\/hookandcook.eu\/hr\/#\/schema\/logo\/image\/"},"sameAs":["https:\/\/www.facebook.com\/HookCook-Pula-318130468639931\/"]}]}},"builder_content":"<h1>HOOK AND COOK PRI\u010cA<\/h1>\n<img src=\"https:\/\/hookandcook.eu\/wp-content\/uploads\/2020\/02\/srdelica_brake.png\" width=\"200\" title=\"srdelica_brake\" alt=\"srdelica_brake\">\n<h2 style=\"text-align: center;\">TVRTKA <\/h2>\n<p dir=\"ltr\">Hook and Cook slavi ljubav prema moru i okuplja lokalne ribare, kuhare i prijatelje zajedno s ciljem unapre\u0111enja odr\u017eivog ribarstva i kvalitete morskih prehrambenih proizvoda. Lovimo i proizvodimo na\u0161e srdele kako bismo potaknuli pobolj\u0161anje ribarstva i educirali ljude o pra\u0107enju podrijetla plodova mora, ribolovnim alatima i ribarima koji se bave ovim poslom. Stoga napredujemo u transformiranju lokalnih ribarskih zajednica i smanjujemo utjecaj prekomjernog ribolova i o\u0161te\u0107enja na okoli\u0161 u godinama koje dolaze.<\/p>\n<img src=\"https:\/\/hookandcook.eu\/wp-content\/uploads\/2020\/05\/IMG_2727-copy.jpg\" title=\"hook and cook srdele\" alt=\"hook and cook Sini\u0161a-\u010ci\u010di Pavlovi\u0107\" srcset=\"https:\/\/hookandcook.eu\/wp-content\/uploads\/2020\/05\/IMG_2727-copy.jpg 800w, https:\/\/hookandcook.eu\/wp-content\/uploads\/2020\/05\/IMG_2727-copy-400x267.jpg 400w, https:\/\/hookandcook.eu\/wp-content\/uploads\/2020\/05\/IMG_2727-copy-768x512.jpg 768w, https:\/\/hookandcook.eu\/wp-content\/uploads\/2020\/05\/IMG_2727-copy-600x400.jpg 600w\" sizes=\"(max-width: 800px) 100vw, 800px\" \/>\n<h2 style=\"text-align: center;\">LJUDI <\/h2>\n<p>Hook and Cook vodi tim prijatelja i suosniva\u010da Sini\u0161a Xixi Pavlovi\u0107, Marko Domgjoni i Josip Urti.<\/p> <p>Sini\u0161a i Josip odrasli su zajedno dijele\u0107i svoju strast prema morskom \u017eivotu i ribolovu. Josip je biv\u0161i prvak Hrvatske u podvodnom ribolovu, a Sini\u0161a je postao najmla\u0111i kapetan na ribarskom brodu \"Levan\". <br \/>Marko Domgjoni pomogao je uspje\u0161no uspostaviti festival i priredbe Hook and Cook dok su gradili restoran Hook and Cook u sredi\u0161tu grada Pule. <br \/>Svi zajedno poku\u0161avamo pobolj\u0161ati i obogatiti lokalnu morsku gastronomiju i odr\u017eivi ribolov.<\/p> <p>Neprekidno napredujemo. U posljednje vrijeme proizvodnja markiranih srdela Hook and Cook sa zapadnog dijela istarskog poluotoka pomogla nam je da se jo\u0161 vi\u0161e usredoto\u010dimo na odr\u017eivi ribolov. Stoga je ideja u budu\u0107nosti pobolj\u0161ati gastronomiju morske hrane i proizvodnju srdela Hook and Cook.<\/p>\n<img src=\"https:\/\/hookandcook.eu\/wp-content\/uploads\/2020\/05\/70375088_752302331889407_6697458150389317632_n.jpg\" title=\"morska_hrana_restoran_pula\" alt=\"morska_hrana_restoran_pula\" srcset=\"https:\/\/hookandcook.eu\/wp-content\/uploads\/2020\/05\/70375088_752302331889407_6697458150389317632_n.jpg 960w, https:\/\/hookandcook.eu\/wp-content\/uploads\/2020\/05\/70375088_752302331889407_6697458150389317632_n-400x267.jpg 400w, https:\/\/hookandcook.eu\/wp-content\/uploads\/2020\/05\/70375088_752302331889407_6697458150389317632_n-768x512.jpg 768w, https:\/\/hookandcook.eu\/wp-content\/uploads\/2020\/05\/70375088_752302331889407_6697458150389317632_n-600x400.jpg 600w\" sizes=\"(max-width: 960px) 100vw, 960px\" \/>\n<img src=\"https:\/\/hookandcook.eu\/wp-content\/uploads\/2020\/04\/hook-and-cook-events-verudela.jpg\" title=\"hook and cook doga\u0111aji verudela\" alt=\"hook and cook doga\u0111aji verudela\" srcset=\"https:\/\/hookandcook.eu\/wp-content\/uploads\/2020\/04\/hook-and-cook-events-verudela.jpg 800w, https:\/\/hookandcook.eu\/wp-content\/uploads\/2020\/04\/hook-and-cook-events-verudela-400x267.jpg 400w, https:\/\/hookandcook.eu\/wp-content\/uploads\/2020\/04\/hook-and-cook-events-verudela-768x512.jpg 768w, https:\/\/hookandcook.eu\/wp-content\/uploads\/2020\/04\/hook-and-cook-events-verudela-600x400.jpg 600w\" sizes=\"(max-width: 800px) 100vw, 800px\" \/>\n<img src=\"https:\/\/hookandcook.eu\/wp-content\/uploads\/2021\/04\/IMG_9398.jpg\" width=\"1200\" height=\"600\" title=\"IMG_9398\" alt=\"IMG_9398\">","_links":{"self":[{"href":"https:\/\/hookandcook.eu\/hr\/wp-json\/wp\/v2\/pages\/1460","targetHints":{"allow":["GET"]}}],"collection":[{"href":"https:\/\/hookandcook.eu\/hr\/wp-json\/wp\/v2\/pages"}],"about":[{"href":"https:\/\/hookandcook.eu\/hr\/wp-json\/wp\/v2\/types\/page"}],"author":[{"embeddable":true,"href":"https:\/\/hookandcook.eu\/hr\/wp-json\/wp\/v2\/users\/2"}],"replies":[{"embeddable":true,"href":"https:\/\/hookandcook.eu\/hr\/wp-json\/wp\/v2\/comments?post=1460"}],"version-history":[{"count":2,"href":"https:\/\/hookandcook.eu\/hr\/wp-json\/wp\/v2\/pages\/1460\/revisions"}],"predecessor-version":[{"id":1741,"href":"https:\/\/hookandcook.eu\/hr\/wp-json\/wp\/v2\/pages\/1460\/revisions\/1741"}],"wp:attachment":[{"href":"https:\/\/hookandcook.eu\/hr\/wp-json\/wp\/v2\/media?parent=1460"}],"curies":[{"name":"wp","href":"https:\/\/api.w.org\/{rel}","templated":true}]}}