{"id":1442,"date":"2021-06-02T07:58:37","date_gmt":"2021-06-02T05:58:37","guid":{"rendered":"https:\/\/hookandcook.eu\/karijera\/"},"modified":"2021-06-02T07:58:40","modified_gmt":"2021-06-02T05:58:40","slug":"karijera","status":"publish","type":"page","link":"https:\/\/hookandcook.eu\/hr\/karijera\/","title":{"rendered":"Karijera"},"content":{"rendered":"<!--themify_builder_content-->\n<div id=\"themify_builder_content-1442\" data-postid=\"1442\" class=\"themify_builder_content themify_builder_content-1442 themify_builder tf_clear\">\n                    <div  data-css_id=\"5ayp46\" data-lazy=\"1\" class=\"module_row themify_builder_row fullwidth tb_5ayp46 tb_first tf_w\">\n            <span class=\"builder_row_cover tf_abs\"><\/span>            <div class=\"row_inner col_align_top tb_col_count_1 tf_box tf_rel\">\n                        <div  data-lazy=\"1\" class=\"module_column tb-column col-full tb_jmkm524 first\">\n                    <!-- module text -->\n<div  class=\"module module-text tb_d3uo527   \" data-lazy=\"1\">\n        <div  class=\"tb_text_wrap\">\n        <h1 style=\"text-align: center;\">Karijera<\/h1>    <\/div>\n<\/div>\n<!-- \/module text --><!-- module image -->\n<div  class=\"module module-image tb_sgn1724 image-center   tf_mw\" data-lazy=\"1\">\n        <div class=\"image-wrap tf_rel tf_mw\">\n            <img decoding=\"async\" src=\"https:\/\/hookandcook.eu\/wp-content\/uploads\/2020\/02\/srdelica_brake.png\" width=\"300\" class=\"wp-post-image wp-image-1426\" title=\"srdelica_brake\" alt=\"srdelica_brake\">    \n        <\/div>\n    <!-- \/image-wrap -->\n    \n        <\/div>\n<!-- \/module image -->        <\/div>\n                        <\/div>\n        <\/div>\n                        <div  data-lazy=\"1\" class=\"module_row themify_builder_row tb_fyfa637 tf_w\">\n                        <div class=\"row_inner col_align_top tb_col_count_1 tf_box tf_rel\">\n                        <div  data-lazy=\"1\" class=\"module_column tb-column col-full tb_jdgx637 first\">\n                    <!-- module text -->\n<div  class=\"module module-text tb_1sxq237   \" data-lazy=\"1\">\n        <div  class=\"tb_text_wrap\">\n        <p style=\"text-align: center;\">Hook and Cook uvijek tra\u017ei talentirane i motivirane ljude koji \u0107e se pridru\u017eiti timu!<br>Ako vam je ambicija nau\u010diti sve o odr\u017eivom ribarstvu, plodovima mora i raditi u rastu\u0107em i nadahnutom okru\u017eenju, provjerite na\u0161e otvorene pozicije i prijavite se ve\u0107 danas!<\/p>\n<p style=\"text-align: center;\">Nudimo izvrsno okru\u017eenje u stabilnom, rastu\u0107em brendu. Sudjelovat \u0107ete u brojnim ambicioznim projektima s mladim i ambicioznim Hook and Cook timom i definirati budu\u0107nost hrvatske morske hrane. <br>Iskoristite priliku za brzi napredak u jedinstvenom radnom okru\u017eenju u cool i modernim uvjetima.<\/p>    <\/div>\n<\/div>\n<!-- \/module text --><!-- module image -->\n<div  class=\"module module-image tb_mukr528 image-center   tf_mw\" data-lazy=\"1\">\n        <div class=\"image-wrap tf_rel tf_mw\">\n            <img decoding=\"async\" src=\"https:\/\/hookandcook.eu\/wp-content\/uploads\/2020\/02\/srdelica_brake.png\" width=\"300\" class=\"wp-post-image wp-image-1426\" title=\"srdelica_brake\" alt=\"srdelica_brake\">    \n        <\/div>\n    <!-- \/image-wrap -->\n    \n        <\/div>\n<!-- \/module image -->        <\/div>\n                        <\/div>\n        <\/div>\n                        <div  data-lazy=\"1\" class=\"module_row themify_builder_row tb_sks610 tf_w\">\n                        <div class=\"row_inner col_align_middle tb_col_count_3 tf_box tf_rel\">\n                        <div  data-lazy=\"1\" class=\"module_column tb-column col3-1 tb_9voq10 first\">\n                    <!-- module text -->\n<div  class=\"module module-text tb_hafc309   \" data-lazy=\"1\">\n        <div  class=\"tb_text_wrap\">\n        <p style=\"text-align: center;\"><em><strong>Volite Posao<\/strong> <\/em><br>Radite ono \u0161to vas uzbu\u0111uje i budite dio ne\u010dega iznimnog. Rad je ugodniji kad je zabavan.<\/p>    <\/div>\n<\/div>\n<!-- \/module text -->        <\/div>\n                    <div  data-lazy=\"1\" class=\"module_column tb-column col3-1 tb_j6sf11\">\n                    <!-- module text -->\n<div  class=\"module module-text tb_n37n655   \" data-lazy=\"1\">\n        <div  class=\"tb_text_wrap\">\n        <p style=\"text-align: center;\"><em><strong>Sura\u0111ujte i komunicirajte<\/strong><\/em><br>Ne postoji tu\u0111i posao. Govori svoje mi\u0161ljenje, budi iskren! Najbolje se radi zajedno s dobrom komunikacijom i suradnjom.<\/p>    <\/div>\n<\/div>\n<!-- \/module text -->        <\/div>\n                    <div  data-lazy=\"1\" class=\"module_column tb-column col3-1 tb_fjz124 last\">\n                    <!-- module text -->\n<div  class=\"module module-text tb_axlg425   \" data-lazy=\"1\">\n        <div  class=\"tb_text_wrap\">\n        <p style=\"text-align: center;\"><em><strong>Budi cool osoba<\/strong><\/em><br>Ako ste laka osoba i volite ljude, i oni \u0107e voljeti vas. Na kraju, to je sve \u0161to je va\u017eno za zabavno i cool radno okru\u017eenje.<\/p>    <\/div>\n<\/div>\n<!-- \/module text -->        <\/div>\n                        <\/div>\n        <\/div>\n                        <div  data-lazy=\"1\" class=\"module_row themify_builder_row tb_w8vh241 tf_w\">\n                        <div class=\"row_inner col_align_top tb_col_count_1 tf_box tf_rel\">\n                        <div  data-lazy=\"1\" class=\"module_column tb-column col-full tb_ux8l242 first\">\n                    <!-- module text -->\n<div  class=\"module module-text tb_ixwz648   \" data-lazy=\"1\">\n        <div  class=\"tb_text_wrap\">\n        <h3 style=\"text-align: center;\">Provjerite trenutne otvore pozicije<\/h3>    <\/div>\n<\/div>\n<!-- \/module text -->        <\/div>\n                        <\/div>\n        <\/div>\n                        <div  data-lazy=\"1\" class=\"module_row themify_builder_row tb_7ywy679 tf_w\">\n                        <div class=\"row_inner col_align_top tb_col_count_1 tf_box tf_rel\">\n                        <div  data-lazy=\"1\" class=\"module_column tb-column col-full tb_hz9i680 first\">\n                    <!-- module accordion -->\n<div  class=\"module module-accordion tb_j0za882 \" data-behavior=\"toggle\" data-lazy=\"1\">\n    \n    <ul class=\"ui module-accordion  rounded gradient shadow black\">\n            <li>\n            <div class=\"accordion-title tf_rel\">\n                <a href=\"#acc-j0za882-0\" class=\"tb_title_accordion\" aria-controls=\"acc-j0za882-0-content\" aria-expanded=\"false\">\n                                                            RESTORAN SEZONSKE POSLOVNE POZICIJE                 <\/a>\n            <\/div><!-- .accordion-title -->\n            <div id=\"acc-j0za882-0-content\" data-id=\"acc-j0za882-0\" aria-hidden=\"true\" class=\"accordion-content tf_hide tf_clearfix\">\n                                    <div class=\"tb_text_wrap\">\n                        <p>Navedeni poslovi vrijede za na\u0161 restoran Hook &#038; Cook u Puli. Trenutno tra\u017eimo zaposlenike koji \u0107e se pridru\u017eiti na\u0161em timu od po\u010detka travnja 2021. godine. <\/p>\n<ul>\n<li>Preferira se radno mjesto konobara \/ prethodno iskustvo<\/li>\n<li>Po\u017eeljno mjesto kuhara \/ prethodno iskustvo<\/li>\n<li>Radno mjesto pomo\u0107nika kuhara \/ prethodno iskustvo nije potrebno<\/li>\n<\/ul>\n<p> <\/p>                    <\/div>\n                            <\/div><!-- .accordion-content -->\n        <\/li>\n        <\/ul>\n\n<\/div><!-- \/module accordion -->        <\/div>\n                        <\/div>\n        <\/div>\n                        <div  data-lazy=\"1\" class=\"module_row themify_builder_row tb_qgr4539 tf_w\">\n                        <div class=\"row_inner col_align_top tb_col_count_1 tf_box tf_rel\">\n                        <div  data-lazy=\"1\" class=\"module_column tb-column col-full tb_e8r8540 first\">\n                    <!-- module buttons -->\n<div  class=\"module module-buttons tb_66lf421 buttons-horizontal solid  large circle\" data-lazy=\"1\">\n        <div class=\"module-buttons-item tf_in_flx\">\n                        <a href=\"mailto:info@hookandcook.eu\" class=\"ui builder_button tf_in_flx tb_default_color\" >\n                                                Prijavite se ovdje                                        <\/a>\n                <\/div>\n            <\/div>\n<!-- \/module buttons -->\n        <\/div>\n                        <\/div>\n        <\/div>\n                        <div  data-lazy=\"1\" class=\"module_row themify_builder_row tb_8kom329 tf_w\">\n                        <div class=\"row_inner col_align_top tb_col_count_1 tf_box tf_rel\">\n                        <div  data-lazy=\"1\" class=\"module_column tb-column col-full tb_pwpw329 first\">\n                    <!-- module gallery -->\n<div  class=\"module gallery module-gallery tb_4ykh810 layout-grid  \" data-lazy=\"1\">\n    <\/div>\n<!-- \/module gallery -->        <\/div>\n                        <\/div>\n        <\/div>\n        <\/div>\n<!--\/themify_builder_content-->","protected":false},"excerpt":{"rendered":"<p>Karijera<\/p>\n","protected":false},"author":2,"featured_media":0,"parent":0,"menu_order":0,"comment_status":"closed","ping_status":"closed","template":"","meta":{"inline_featured_image":false,"_monsterinsights_skip_tracking":false,"_monsterinsights_sitenote_active":false,"_monsterinsights_sitenote_note":"","_monsterinsights_sitenote_category":0,"footnotes":""},"class_list":["post-1442","page","type-page","status-publish","hentry","has-post-title","has-post-date","has-post-category","has-post-tag","has-post-comment","has-post-author",""],"yoast_head":"<!-- This site is optimized with the Yoast SEO plugin v24.2 - https:\/\/yoast.com\/wordpress\/plugins\/seo\/ -->\n<title>Hook and Cook - Karijera &#8211; prijava za posao<\/title>\n<meta name=\"description\" content=\"Ako vam je ambicija nau\u010diti sve o odr\u017eivom ribarstvu, plodovima mora i raditi u rastu\u0107em i nadahnutom okru\u017eenju, provjerite na\u0161e otvorene pozicije i prijavite se ve\u0107 danas\" \/>\n<meta name=\"robots\" content=\"index, follow, max-snippet:-1, max-image-preview:large, max-video-preview:-1\" \/>\n<link rel=\"canonical\" href=\"https:\/\/hookandcook.eu\/hr\/karijera\/\" \/>\n<meta property=\"og:locale\" content=\"hr_HR\" \/>\n<meta property=\"og:type\" content=\"article\" \/>\n<meta property=\"og:title\" content=\"Hook and Cook - Karijera &#8211; prijava za posao\" \/>\n<meta property=\"og:description\" content=\"Ako vam je ambicija nau\u010diti sve o odr\u017eivom ribarstvu, plodovima mora i raditi u rastu\u0107em i nadahnutom okru\u017eenju, provjerite na\u0161e otvorene pozicije i prijavite se ve\u0107 danas\" \/>\n<meta property=\"og:url\" content=\"https:\/\/hookandcook.eu\/hr\/karijera\/\" \/>\n<meta property=\"article:publisher\" content=\"https:\/\/www.facebook.com\/HookCook-Pula-318130468639931\/\" \/>\n<meta property=\"article:modified_time\" content=\"2021-06-02T05:58:40+00:00\" \/>\n<script type=\"application\/ld+json\" class=\"yoast-schema-graph\">{\"@context\":\"https:\/\/schema.org\",\"@graph\":[{\"@type\":\"WebPage\",\"@id\":\"https:\/\/hookandcook.eu\/hr\/karijera\/\",\"url\":\"https:\/\/hookandcook.eu\/hr\/karijera\/\",\"name\":\"Hook and Cook - Karijera &#8211; prijava za posao\",\"isPartOf\":{\"@id\":\"http:\/\/hookandcook.eu\/hr\/#website\"},\"datePublished\":\"2021-06-02T05:58:37+00:00\",\"dateModified\":\"2021-06-02T05:58:40+00:00\",\"description\":\"Ako vam je ambicija nau\u010diti sve o odr\u017eivom ribarstvu, plodovima mora i raditi u rastu\u0107em i nadahnutom okru\u017eenju, provjerite na\u0161e otvorene pozicije i prijavite se ve\u0107 danas\",\"breadcrumb\":{\"@id\":\"https:\/\/hookandcook.eu\/hr\/karijera\/#breadcrumb\"},\"inLanguage\":\"hr\",\"potentialAction\":[{\"@type\":\"ReadAction\",\"target\":[\"https:\/\/hookandcook.eu\/hr\/karijera\/\"]}]},{\"@type\":\"BreadcrumbList\",\"@id\":\"https:\/\/hookandcook.eu\/hr\/karijera\/#breadcrumb\",\"itemListElement\":[{\"@type\":\"ListItem\",\"position\":1,\"name\":\"Home\",\"item\":\"http:\/\/hookandcook.eu\/hr\/\"},{\"@type\":\"ListItem\",\"position\":2,\"name\":\"Karijera\"}]},{\"@type\":\"WebSite\",\"@id\":\"http:\/\/hookandcook.eu\/hr\/#website\",\"url\":\"http:\/\/hookandcook.eu\/hr\/\",\"name\":\"\",\"description\":\"Hook&amp;Cook\",\"publisher\":{\"@id\":\"http:\/\/hookandcook.eu\/hr\/#organization\"},\"potentialAction\":[{\"@type\":\"SearchAction\",\"target\":{\"@type\":\"EntryPoint\",\"urlTemplate\":\"http:\/\/hookandcook.eu\/hr\/?s={search_term_string}\"},\"query-input\":{\"@type\":\"PropertyValueSpecification\",\"valueRequired\":true,\"valueName\":\"search_term_string\"}}],\"inLanguage\":\"hr\"},{\"@type\":\"Organization\",\"@id\":\"http:\/\/hookandcook.eu\/hr\/#organization\",\"name\":\"Hook and Cook\",\"url\":\"http:\/\/hookandcook.eu\/hr\/\",\"logo\":{\"@type\":\"ImageObject\",\"inLanguage\":\"hr\",\"@id\":\"http:\/\/hookandcook.eu\/hr\/#\/schema\/logo\/image\/\",\"url\":\"\",\"contentUrl\":\"\",\"caption\":\"Hook and Cook\"},\"image\":{\"@id\":\"http:\/\/hookandcook.eu\/hr\/#\/schema\/logo\/image\/\"},\"sameAs\":[\"https:\/\/www.facebook.com\/HookCook-Pula-318130468639931\/\"]}]}<\/script>\n<!-- \/ Yoast SEO plugin. -->","yoast_head_json":{"title":"Hook and Cook - Karijera &#8211; prijava za posao","description":"Ako vam je ambicija nau\u010diti sve o odr\u017eivom ribarstvu, plodovima mora i raditi u rastu\u0107em i nadahnutom okru\u017eenju, provjerite na\u0161e otvorene pozicije i prijavite se ve\u0107 danas","robots":{"index":"index","follow":"follow","max-snippet":"max-snippet:-1","max-image-preview":"max-image-preview:large","max-video-preview":"max-video-preview:-1"},"canonical":"https:\/\/hookandcook.eu\/hr\/karijera\/","og_locale":"hr_HR","og_type":"article","og_title":"Hook and Cook - Karijera &#8211; prijava za posao","og_description":"Ako vam je ambicija nau\u010diti sve o odr\u017eivom ribarstvu, plodovima mora i raditi u rastu\u0107em i nadahnutom okru\u017eenju, provjerite na\u0161e otvorene pozicije i prijavite se ve\u0107 danas","og_url":"https:\/\/hookandcook.eu\/hr\/karijera\/","article_publisher":"https:\/\/www.facebook.com\/HookCook-Pula-318130468639931\/","article_modified_time":"2021-06-02T05:58:40+00:00","schema":{"@context":"https:\/\/schema.org","@graph":[{"@type":"WebPage","@id":"https:\/\/hookandcook.eu\/hr\/karijera\/","url":"https:\/\/hookandcook.eu\/hr\/karijera\/","name":"Hook and Cook - Karijera &#8211; prijava za posao","isPartOf":{"@id":"http:\/\/hookandcook.eu\/hr\/#website"},"datePublished":"2021-06-02T05:58:37+00:00","dateModified":"2021-06-02T05:58:40+00:00","description":"Ako vam je ambicija nau\u010diti sve o odr\u017eivom ribarstvu, plodovima mora i raditi u rastu\u0107em i nadahnutom okru\u017eenju, provjerite na\u0161e otvorene pozicije i prijavite se ve\u0107 danas","breadcrumb":{"@id":"https:\/\/hookandcook.eu\/hr\/karijera\/#breadcrumb"},"inLanguage":"hr","potentialAction":[{"@type":"ReadAction","target":["https:\/\/hookandcook.eu\/hr\/karijera\/"]}]},{"@type":"BreadcrumbList","@id":"https:\/\/hookandcook.eu\/hr\/karijera\/#breadcrumb","itemListElement":[{"@type":"ListItem","position":1,"name":"Home","item":"http:\/\/hookandcook.eu\/hr\/"},{"@type":"ListItem","position":2,"name":"Karijera"}]},{"@type":"WebSite","@id":"http:\/\/hookandcook.eu\/hr\/#website","url":"http:\/\/hookandcook.eu\/hr\/","name":"","description":"Hook&amp;Cook","publisher":{"@id":"http:\/\/hookandcook.eu\/hr\/#organization"},"potentialAction":[{"@type":"SearchAction","target":{"@type":"EntryPoint","urlTemplate":"http:\/\/hookandcook.eu\/hr\/?s={search_term_string}"},"query-input":{"@type":"PropertyValueSpecification","valueRequired":true,"valueName":"search_term_string"}}],"inLanguage":"hr"},{"@type":"Organization","@id":"http:\/\/hookandcook.eu\/hr\/#organization","name":"Hook and Cook","url":"http:\/\/hookandcook.eu\/hr\/","logo":{"@type":"ImageObject","inLanguage":"hr","@id":"http:\/\/hookandcook.eu\/hr\/#\/schema\/logo\/image\/","url":"","contentUrl":"","caption":"Hook and Cook"},"image":{"@id":"http:\/\/hookandcook.eu\/hr\/#\/schema\/logo\/image\/"},"sameAs":["https:\/\/www.facebook.com\/HookCook-Pula-318130468639931\/"]}]}},"builder_content":"<h1 style=\"text-align: center;\">Karijera<\/h1>\n<img src=\"https:\/\/hookandcook.eu\/wp-content\/uploads\/2020\/02\/srdelica_brake.png\" width=\"300\" title=\"srdelica_brake\" alt=\"srdelica_brake\">\n<p style=\"text-align: center;\">Hook and Cook uvijek tra\u017ei talentirane i motivirane ljude koji \u0107e se pridru\u017eiti timu!<br>Ako vam je ambicija nau\u010diti sve o odr\u017eivom ribarstvu, plodovima mora i raditi u rastu\u0107em i nadahnutom okru\u017eenju, provjerite na\u0161e otvorene pozicije i prijavite se ve\u0107 danas!<\/p> <p style=\"text-align: center;\">Nudimo izvrsno okru\u017eenje u stabilnom, rastu\u0107em brendu. Sudjelovat \u0107ete u brojnim ambicioznim projektima s mladim i ambicioznim Hook and Cook timom i definirati budu\u0107nost hrvatske morske hrane. <br>Iskoristite priliku za brzi napredak u jedinstvenom radnom okru\u017eenju u cool i modernim uvjetima.<\/p>\n<img src=\"https:\/\/hookandcook.eu\/wp-content\/uploads\/2020\/02\/srdelica_brake.png\" width=\"300\" title=\"srdelica_brake\" alt=\"srdelica_brake\">\n<p style=\"text-align: center;\"><em><strong>Volite Posao<\/strong> <\/em><br>Radite ono \u0161to vas uzbu\u0111uje i budite dio ne\u010dega iznimnog. Rad je ugodniji kad je zabavan.<\/p>\n<p style=\"text-align: center;\"><em><strong>Sura\u0111ujte i komunicirajte<\/strong><\/em><br>Ne postoji tu\u0111i posao. Govori svoje mi\u0161ljenje, budi iskren! Najbolje se radi zajedno s dobrom komunikacijom i suradnjom.<\/p>\n<p style=\"text-align: center;\"><em><strong>Budi cool osoba<\/strong><\/em><br>Ako ste laka osoba i volite ljude, i oni \u0107e voljeti vas. Na kraju, to je sve \u0161to je va\u017eno za zabavno i cool radno okru\u017eenje.<\/p>\n<h3 style=\"text-align: center;\">Provjerite trenutne otvore pozicije<\/h3>\n<ul><li><h4>RESTORAN SEZONSKE POSLOVNE POZICIJE <\/h4><p>Navedeni poslovi vrijede za na\u0161 restoran Hook & Cook u Puli. Trenutno tra\u017eimo zaposlenike koji \u0107e se pridru\u017eiti na\u0161em timu od po\u010detka travnja 2021. godine. <\/p> <ul> <li>Preferira se radno mjesto konobara \/ prethodno iskustvo<\/li> <li>Po\u017eeljno mjesto kuhara \/ prethodno iskustvo<\/li> <li>Radno mjesto pomo\u0107nika kuhara \/ prethodno iskustvo nije potrebno<\/li> <\/ul> <p> <\/p><\/li><\/ul>\n<a href=\"mailto:info@hookandcook.eu\" > Prijavite se ovdje <\/a>\n[gallery ids=\"737,587,519,117,818,820,822,824,939,943\"]","_links":{"self":[{"href":"https:\/\/hookandcook.eu\/hr\/wp-json\/wp\/v2\/pages\/1442","targetHints":{"allow":["GET"]}}],"collection":[{"href":"https:\/\/hookandcook.eu\/hr\/wp-json\/wp\/v2\/pages"}],"about":[{"href":"https:\/\/hookandcook.eu\/hr\/wp-json\/wp\/v2\/types\/page"}],"author":[{"embeddable":true,"href":"https:\/\/hookandcook.eu\/hr\/wp-json\/wp\/v2\/users\/2"}],"replies":[{"embeddable":true,"href":"https:\/\/hookandcook.eu\/hr\/wp-json\/wp\/v2\/comments?post=1442"}],"version-history":[{"count":3,"href":"https:\/\/hookandcook.eu\/hr\/wp-json\/wp\/v2\/pages\/1442\/revisions"}],"predecessor-version":[{"id":1445,"href":"https:\/\/hookandcook.eu\/hr\/wp-json\/wp\/v2\/pages\/1442\/revisions\/1445"}],"wp:attachment":[{"href":"https:\/\/hookandcook.eu\/hr\/wp-json\/wp\/v2\/media?parent=1442"}],"curies":[{"name":"wp","href":"https:\/\/api.w.org\/{rel}","templated":true}]}}