{"id":1562,"date":"2021-06-09T12:03:56","date_gmt":"2021-06-09T10:03:56","guid":{"rendered":"https:\/\/hookandcook.eu\/dostava-i-povrat\/"},"modified":"2021-06-09T12:04:40","modified_gmt":"2021-06-09T10:04:40","slug":"dostava-i-povrat","status":"publish","type":"page","link":"http:\/\/hookandcook.eu\/hr\/dostava-i-povrat\/","title":{"rendered":"Dostava i povrat"},"content":{"rendered":"<!--themify_builder_content-->\n<div id=\"themify_builder_content-1562\" data-postid=\"1562\" class=\"themify_builder_content themify_builder_content-1562 themify_builder tf_clear\">\n                    <div  data-lazy=\"1\" class=\"module_row themify_builder_row tb_ji1t737 tb_first tf_w\">\n                        <div class=\"row_inner col_align_top tb_col_count_1 tf_box tf_rel\">\n                        <div  data-lazy=\"1\" class=\"module_column tb-column col-full tb_4us0738 first\">\n                    <!-- module image -->\n<div  class=\"module module-image tb_qsfl355 image-center   tf_mw\" data-lazy=\"1\">\n        <div class=\"image-wrap tf_rel tf_mw\">\n            <img loading=\"lazy\" decoding=\"async\" width=\"300\" height=\"21\" src=\"http:\/\/hookandcook.eu\/wp-content\/uploads\/2020\/02\/srdelica_brake.png\" class=\"wp-post-image wp-image-1426\" title=\"srdelica_brake\" alt=\"srdelica_brake\">    \n        <\/div>\n    <!-- \/image-wrap -->\n    \n        <\/div>\n<!-- \/module image -->        <\/div>\n                        <\/div>\n        <\/div>\n                        <div  data-lazy=\"1\" class=\"module_row themify_builder_row tb_j8vk383 tf_w\">\n                        <div class=\"row_inner col_align_top tb_col_count_1 tf_box tf_rel\">\n                        <div  data-lazy=\"1\" class=\"module_column tb-column col-full tb_7nti384 first\">\n                    <!-- module text -->\n<div  class=\"module module-text tb_l6az121   \" data-lazy=\"1\">\n        <div  class=\"tb_text_wrap\">\n        <h1>Dostava i povrat<\/h1>    <\/div>\n<\/div>\n<!-- \/module text --><!-- module accordion -->\n<div  class=\"module module-accordion tb_73il635 \" data-behavior=\"toggle\" data-lazy=\"1\">\n    \n    <ul class=\"ui module-accordion separate  transparent\">\n            <li>\n            <div class=\"accordion-title tf_rel\">\n                <a href=\"#acc-73il635-0\" class=\"tb_title_accordion\" aria-controls=\"acc-73il635-0-content\" aria-expanded=\"false\">\n                    <i class=\"accordion-icon\"><svg  class=\"tf_fa tf-ti-plus\" aria-hidden=\"true\"><use href=\"#tf-ti-plus\"><\/use><\/svg><\/i>                    <i class=\"accordion-active-icon tf_hide\"><svg  class=\"tf_fa tf-ti-minus\" aria-hidden=\"true\"><use href=\"#tf-ti-minus\"><\/use><\/svg><\/i>                    KAKO DA NAPRAVIM NARUD\u017dBU?                <\/a>\n            <\/div><!-- .accordion-title -->\n            <div id=\"acc-73il635-0-content\" data-id=\"acc-73il635-0\" aria-hidden=\"true\" class=\"accordion-content tf_hide tf_clearfix\">\n                                    <div class=\"tb_text_wrap\">\n                        <p>Odaberite predmet koji vam se svi\u0111a, a zatim odaberite veli\u010dinu i kliknite na &#8220;DODAJ U KO\u0160ARICU&#8221;, a zatim nastavite s kupnjom dok ne budete spremni za dovr\u0161etak kupnje. Nakon \u0161to izvr\u0161ite kona\u010dni odabir, kliknite &#8220;IDI NA PROVJERU&#8221; da biste pregledali sve stavke u ko\u0161arici. Ili kliknite ikonu TORBA u desnom donjem kutu zaslona. <\/p>\n<p>Kada u\u0111ete u ko\u0161aricu, kliknite &#8220;CHECKOUT&#8221; da biste unijeli svoju e-po\u0161tu, ozna\u010dite okvir s uvjetima i uvjetima, unesite kod za popust ako je dostupan.<\/p>\n<p>Kliknite CHECKOUT i unesite podatke o adresi za naplatu i dostavu<\/p>\n<p>Kliknite NASTAVI i odaberite na\u010din dostave<\/p>\n<p>Kliknite Nastavi da biste odabrali na\u010din pla\u0107anja. Mo\u017eete birati izme\u0111u pouze\u0107a ili Paypala. NAPOMENA: MO\u017dETE PLA\u0106ATI SVOJOM DEBITNOM ILI KREDITNOM KARTICOM NE POTREBANI DA IMATE POSJET PAYPAL RA\u010cUNA! Odaberite ikonu PAYPAL ili jednu od kartica navedenih ispod ikone PAYPAL. <\/p>                    <\/div>\n                            <\/div><!-- .accordion-content -->\n        <\/li>\n            <li>\n            <div class=\"accordion-title tf_rel\">\n                <a href=\"#acc-73il635-1\" class=\"tb_title_accordion\" aria-controls=\"acc-73il635-1-content\" aria-expanded=\"false\">\n                    <i class=\"accordion-icon\"><svg  class=\"tf_fa tf-ti-plus\" aria-hidden=\"true\"><use href=\"#tf-ti-plus\"><\/use><\/svg><\/i>                    <i class=\"accordion-active-icon tf_hide\"><svg  class=\"tf_fa tf-ti-minus\" aria-hidden=\"true\"><use href=\"#tf-ti-minus\"><\/use><\/svg><\/i>                    KADA BRODATE MOJ NARUD\u017dBU?                <\/a>\n            <\/div><!-- .accordion-title -->\n            <div id=\"acc-73il635-1-content\" data-id=\"acc-73il635-1\" aria-hidden=\"true\" class=\"accordion-content tf_hide tf_clearfix\">\n                                    <div class=\"tb_text_wrap\">\n                        <div class=\"ec-radiogroup__title\">Standardna dostava<\/div>\n<div class=\"ec-radiogroup__text ec-text-muted\">Obi\u010dno su potrebna 1-2 radna dana za obradu i otpremu va\u0161e narud\u017ebe i jo\u0161 2-3 radna dana za dostavu.<\/div>\n<p>Nakon \u0161to po\u0161aljemo va\u0161 paket, e-po\u0161tom \u0107emo vam poslati na\u0161 broj za pra\u0107enje.<\/p>                    <\/div>\n                            <\/div><!-- .accordion-content -->\n        <\/li>\n            <li>\n            <div class=\"accordion-title tf_rel\">\n                <a href=\"#acc-73il635-2\" class=\"tb_title_accordion\" aria-controls=\"acc-73il635-2-content\" aria-expanded=\"false\">\n                    <i class=\"accordion-icon\"><svg  class=\"tf_fa tf-ti-plus\" aria-hidden=\"true\"><use href=\"#tf-ti-plus\"><\/use><\/svg><\/i>                    <i class=\"accordion-active-icon tf_hide\"><svg  class=\"tf_fa tf-ti-minus\" aria-hidden=\"true\"><use href=\"#tf-ti-minus\"><\/use><\/svg><\/i>                    KAKVE NA\u010cINE PLA\u0106ANJA PRIHVA\u0106ATE?                <\/a>\n            <\/div><!-- .accordion-title -->\n            <div id=\"acc-73il635-2-content\" data-id=\"acc-73il635-2\" aria-hidden=\"true\" class=\"accordion-content tf_hide tf_clearfix\">\n                                    <div class=\"tb_text_wrap\">\n                        <p>hookandcook.eu prihva\u0107a:<\/p>\n<p>\u00b7 Visa<\/p>\n<p>\u00b7 MasterCard<\/p>\n<p>\u00b7 Amex<\/p>\n<p>\u00b7 PayPal<\/p>\n<p>\u00b7 Pouze\u0107em<\/p>\n<p>Napomena: Promotivni kodovi ne mogu se retroaktivno primijeniti.<\/p>                    <\/div>\n                            <\/div><!-- .accordion-content -->\n        <\/li>\n            <li>\n            <div class=\"accordion-title tf_rel\">\n                <a href=\"#acc-73il635-3\" class=\"tb_title_accordion\" aria-controls=\"acc-73il635-3-content\" aria-expanded=\"false\">\n                    <i class=\"accordion-icon\"><svg  class=\"tf_fa tf-ti-plus\" aria-hidden=\"true\"><use href=\"#tf-ti-plus\"><\/use><\/svg><\/i>                    <i class=\"accordion-active-icon tf_hide\"><svg  class=\"tf_fa tf-ti-minus\" aria-hidden=\"true\"><use href=\"#tf-ti-minus\"><\/use><\/svg><\/i>                    KAKO \u0106U ZNATI DA JE MOJ NARUD\u017dBA PRIHVATENA?                <\/a>\n            <\/div><!-- .accordion-title -->\n            <div id=\"acc-73il635-3-content\" data-id=\"acc-73il635-3\" aria-hidden=\"true\" class=\"accordion-content tf_hide tf_clearfix\">\n                                    <div class=\"tb_text_wrap\">\n                        <p>Potvrdu e-po\u0161tom primit \u0107ete ubrzo nakon \u0161to je narud\u017eba poslana.<\/p>\n<p>Slobodno nas kontaktirajte izravno sa svim pitanjima:<\/p>\n<p>E-po\u0161ta: info@hookandcook.eu<br><br>Radno vrijeme:<\/p>\n<p>Ponedjeljak petak,<\/p>\n<p>9:00 &#8211; 19:00 <\/p>                    <\/div>\n                            <\/div><!-- .accordion-content -->\n        <\/li>\n            <li>\n            <div class=\"accordion-title tf_rel\">\n                <a href=\"#acc-73il635-4\" class=\"tb_title_accordion\" aria-controls=\"acc-73il635-4-content\" aria-expanded=\"false\">\n                    <i class=\"accordion-icon\"><svg  class=\"tf_fa tf-ti-plus\" aria-hidden=\"true\"><use href=\"#tf-ti-plus\"><\/use><\/svg><\/i>                    <i class=\"accordion-active-icon tf_hide\"><svg  class=\"tf_fa tf-ti-minus\" aria-hidden=\"true\"><use href=\"#tf-ti-minus\"><\/use><\/svg><\/i>                    Mogu li otkazati svoj nalog nakon \u0161to je postavljen?                <\/a>\n            <\/div><!-- .accordion-title -->\n            <div id=\"acc-73il635-4-content\" data-id=\"acc-73il635-4\" aria-hidden=\"true\" class=\"accordion-content tf_hide tf_clearfix\">\n                                    <div class=\"tb_text_wrap\">\n                        <p>Nakon \u0161to je va\u0161a narud\u017eba predana, zapo\u010dinjemo obradu va\u0161e narud\u017ebe, \u0161to podrazumijeva niz koraka. U to vrijeme nismo u mogu\u0107nosti izmijeniti ili otkazati va\u0161u narud\u017ebu.<\/p>\n<p>Hookandcook \u017eeli osigurati da u potpunosti budete zadovoljni svojim iskustvom kupovine, ali u slu\u010daju da postoji problem, rado nudimo lagane povrate.<\/p>                    <\/div>\n                            <\/div><!-- .accordion-content -->\n        <\/li>\n            <li>\n            <div class=\"accordion-title tf_rel\">\n                <a href=\"#acc-73il635-5\" class=\"tb_title_accordion\" aria-controls=\"acc-73il635-5-content\" aria-expanded=\"false\">\n                    <i class=\"accordion-icon\"><svg  class=\"tf_fa tf-ti-plus\" aria-hidden=\"true\"><use href=\"#tf-ti-plus\"><\/use><\/svg><\/i>                    <i class=\"accordion-active-icon tf_hide\"><svg  class=\"tf_fa tf-ti-minus\" aria-hidden=\"true\"><use href=\"#tf-ti-minus\"><\/use><\/svg><\/i>                    POVRATNA POLITIKA                <\/a>\n            <\/div><!-- .accordion-title -->\n            <div id=\"acc-73il635-5-content\" data-id=\"acc-73il635-5\" aria-hidden=\"true\" class=\"accordion-content tf_hide tf_clearfix\">\n                                    <div class=\"tb_text_wrap\">\n                        <ul>\n<li>Roba se mora vratiti u roku od 14 dana<\/li>\n<li>Roba mora imati prilo\u017eene sve originalne oznake u izvornom obliku (NE nositi, mijenjati ili prati).<\/li>\n<li>Zadr\u017eavamo pravo odbiti povrat \/ zamjenu ako predmeti imaju bilo kakve znakove istro\u0161enosti, promjena, zlouporabe ili o\u0161te\u0107enja<\/li>\n<li>Ako smatrate da je artikl neispravan, obavijestite ga na Info@hookandcook.eu prije nego \u0161to ga po\u0161aljete natrag.<\/li>\n<li>Po\u0161iljatelja po va\u0161em izboru mo\u017eete koristiti za puni povrat novca, umanjen za originalni tro\u0161ak dostave. Da biste osigurali da \u0107emo dobiti va\u0161 povratak \/ zamjenu, zatra\u017eite od va\u0161eg po\u0161iljatelja broj za pra\u0107enje.<\/li>\n<li>Nismo odgovorni za izgubljene povrate ili zamjene.<\/li>\n<li>Originalni tro\u0161kovi dostave i rukovanja ne mogu se vratiti<\/li>\n<li>Svi povrati se izdaju na izvorni na\u010din pla\u0107anja<\/li>\n<\/ul>                    <\/div>\n                            <\/div><!-- .accordion-content -->\n        <\/li>\n            <li>\n            <div class=\"accordion-title tf_rel\">\n                <a href=\"#acc-73il635-6\" class=\"tb_title_accordion\" aria-controls=\"acc-73il635-6-content\" aria-expanded=\"false\">\n                    <i class=\"accordion-icon\"><svg  class=\"tf_fa tf-ti-plus\" aria-hidden=\"true\"><use href=\"#tf-ti-plus\"><\/use><\/svg><\/i>                    <i class=\"accordion-active-icon tf_hide\"><svg  class=\"tf_fa tf-ti-minus\" aria-hidden=\"true\"><use href=\"#tf-ti-minus\"><\/use><\/svg><\/i>                    BRODOVATE LI INTERNACIONALNO?                <\/a>\n            <\/div><!-- .accordion-title -->\n            <div id=\"acc-73il635-6-content\" data-id=\"acc-73il635-6\" aria-hidden=\"true\" class=\"accordion-content tf_hide tf_clearfix\">\n                                    <div class=\"tb_text_wrap\">\n                        <p>Trenutno isporu\u010dujemo u Hrvatsku, Sloveniju, Austriju, Njema\u010dku, Ma\u0111arsku, Slova\u010dku, Belgiju, Francusku, Italiju, Nizozemsku, Poljsku, Portugal, \u0160panjolsku, \u0160vedsku<\/p>                    <\/div>\n                            <\/div><!-- .accordion-content -->\n        <\/li>\n        <\/ul>\n\n<\/div><!-- \/module accordion -->        <\/div>\n                        <\/div>\n        <\/div>\n        <\/div>\n<!--\/themify_builder_content-->","protected":false},"excerpt":{"rendered":"<p>Dostava i povrat<\/p>\n","protected":false},"author":2,"featured_media":0,"parent":0,"menu_order":0,"comment_status":"closed","ping_status":"closed","template":"","meta":{"inline_featured_image":false,"_monsterinsights_skip_tracking":false,"_monsterinsights_sitenote_active":false,"_monsterinsights_sitenote_note":"","_monsterinsights_sitenote_category":0,"footnotes":""},"class_list":["post-1562","page","type-page","status-publish","hentry","has-post-title","has-post-date","has-post-category","has-post-tag","has-post-comment","has-post-author",""],"yoast_head":"<!-- This site is optimized with the Yoast SEO plugin v24.2 - https:\/\/yoast.com\/wordpress\/plugins\/seo\/ -->\n<title>Dostava i povrat &#8211;<\/title>\n<meta name=\"description\" content=\"% %excerpt % %\" \/>\n<meta name=\"robots\" content=\"index, follow, max-snippet:-1, max-image-preview:large, max-video-preview:-1\" \/>\n<link rel=\"canonical\" href=\"http:\/\/hookandcook.eu\/hr\/dostava-i-povrat\/\" \/>\n<meta property=\"og:locale\" content=\"hr_HR\" \/>\n<meta property=\"og:type\" content=\"article\" \/>\n<meta property=\"og:title\" content=\"Dostava i povrat &#8211;\" \/>\n<meta property=\"og:description\" content=\"% %excerpt % %\" \/>\n<meta property=\"og:url\" content=\"http:\/\/hookandcook.eu\/hr\/dostava-i-povrat\/\" \/>\n<meta property=\"article:publisher\" content=\"https:\/\/www.facebook.com\/HookCook-Pula-318130468639931\/\" \/>\n<meta property=\"article:modified_time\" content=\"2021-06-09T10:04:40+00:00\" \/>\n<script type=\"application\/ld+json\" class=\"yoast-schema-graph\">{\"@context\":\"https:\/\/schema.org\",\"@graph\":[{\"@type\":\"WebPage\",\"@id\":\"http:\/\/hookandcook.eu\/hr\/dostava-i-povrat\/\",\"url\":\"http:\/\/hookandcook.eu\/hr\/dostava-i-povrat\/\",\"name\":\"Dostava i povrat &#8211;\",\"isPartOf\":{\"@id\":\"https:\/\/hookandcook.eu\/hr\/#website\"},\"datePublished\":\"2021-06-09T10:03:56+00:00\",\"dateModified\":\"2021-06-09T10:04:40+00:00\",\"description\":\"% %excerpt % %\",\"breadcrumb\":{\"@id\":\"http:\/\/hookandcook.eu\/hr\/dostava-i-povrat\/#breadcrumb\"},\"inLanguage\":\"hr\",\"potentialAction\":[{\"@type\":\"ReadAction\",\"target\":[\"http:\/\/hookandcook.eu\/hr\/dostava-i-povrat\/\"]}]},{\"@type\":\"BreadcrumbList\",\"@id\":\"http:\/\/hookandcook.eu\/hr\/dostava-i-povrat\/#breadcrumb\",\"itemListElement\":[{\"@type\":\"ListItem\",\"position\":1,\"name\":\"Home\",\"item\":\"https:\/\/hookandcook.eu\/hr\/\"},{\"@type\":\"ListItem\",\"position\":2,\"name\":\"Dostava i povrat\"}]},{\"@type\":\"WebSite\",\"@id\":\"https:\/\/hookandcook.eu\/hr\/#website\",\"url\":\"https:\/\/hookandcook.eu\/hr\/\",\"name\":\"\",\"description\":\"Hook&amp;Cook\",\"publisher\":{\"@id\":\"https:\/\/hookandcook.eu\/hr\/#organization\"},\"potentialAction\":[{\"@type\":\"SearchAction\",\"target\":{\"@type\":\"EntryPoint\",\"urlTemplate\":\"https:\/\/hookandcook.eu\/hr\/?s={search_term_string}\"},\"query-input\":{\"@type\":\"PropertyValueSpecification\",\"valueRequired\":true,\"valueName\":\"search_term_string\"}}],\"inLanguage\":\"hr\"},{\"@type\":\"Organization\",\"@id\":\"https:\/\/hookandcook.eu\/hr\/#organization\",\"name\":\"Hook and Cook\",\"url\":\"https:\/\/hookandcook.eu\/hr\/\",\"logo\":{\"@type\":\"ImageObject\",\"inLanguage\":\"hr\",\"@id\":\"https:\/\/hookandcook.eu\/hr\/#\/schema\/logo\/image\/\",\"url\":\"\",\"contentUrl\":\"\",\"caption\":\"Hook and Cook\"},\"image\":{\"@id\":\"https:\/\/hookandcook.eu\/hr\/#\/schema\/logo\/image\/\"},\"sameAs\":[\"https:\/\/www.facebook.com\/HookCook-Pula-318130468639931\/\"]}]}<\/script>\n<!-- \/ Yoast SEO plugin. -->","yoast_head_json":{"title":"Dostava i povrat &#8211;","description":"% %excerpt % %","robots":{"index":"index","follow":"follow","max-snippet":"max-snippet:-1","max-image-preview":"max-image-preview:large","max-video-preview":"max-video-preview:-1"},"canonical":"http:\/\/hookandcook.eu\/hr\/dostava-i-povrat\/","og_locale":"hr_HR","og_type":"article","og_title":"Dostava i povrat &#8211;","og_description":"% %excerpt % %","og_url":"http:\/\/hookandcook.eu\/hr\/dostava-i-povrat\/","article_publisher":"https:\/\/www.facebook.com\/HookCook-Pula-318130468639931\/","article_modified_time":"2021-06-09T10:04:40+00:00","schema":{"@context":"https:\/\/schema.org","@graph":[{"@type":"WebPage","@id":"http:\/\/hookandcook.eu\/hr\/dostava-i-povrat\/","url":"http:\/\/hookandcook.eu\/hr\/dostava-i-povrat\/","name":"Dostava i povrat &#8211;","isPartOf":{"@id":"https:\/\/hookandcook.eu\/hr\/#website"},"datePublished":"2021-06-09T10:03:56+00:00","dateModified":"2021-06-09T10:04:40+00:00","description":"% %excerpt % %","breadcrumb":{"@id":"http:\/\/hookandcook.eu\/hr\/dostava-i-povrat\/#breadcrumb"},"inLanguage":"hr","potentialAction":[{"@type":"ReadAction","target":["http:\/\/hookandcook.eu\/hr\/dostava-i-povrat\/"]}]},{"@type":"BreadcrumbList","@id":"http:\/\/hookandcook.eu\/hr\/dostava-i-povrat\/#breadcrumb","itemListElement":[{"@type":"ListItem","position":1,"name":"Home","item":"https:\/\/hookandcook.eu\/hr\/"},{"@type":"ListItem","position":2,"name":"Dostava i povrat"}]},{"@type":"WebSite","@id":"https:\/\/hookandcook.eu\/hr\/#website","url":"https:\/\/hookandcook.eu\/hr\/","name":"","description":"Hook&amp;Cook","publisher":{"@id":"https:\/\/hookandcook.eu\/hr\/#organization"},"potentialAction":[{"@type":"SearchAction","target":{"@type":"EntryPoint","urlTemplate":"https:\/\/hookandcook.eu\/hr\/?s={search_term_string}"},"query-input":{"@type":"PropertyValueSpecification","valueRequired":true,"valueName":"search_term_string"}}],"inLanguage":"hr"},{"@type":"Organization","@id":"https:\/\/hookandcook.eu\/hr\/#organization","name":"Hook and Cook","url":"https:\/\/hookandcook.eu\/hr\/","logo":{"@type":"ImageObject","inLanguage":"hr","@id":"https:\/\/hookandcook.eu\/hr\/#\/schema\/logo\/image\/","url":"","contentUrl":"","caption":"Hook and Cook"},"image":{"@id":"https:\/\/hookandcook.eu\/hr\/#\/schema\/logo\/image\/"},"sameAs":["https:\/\/www.facebook.com\/HookCook-Pula-318130468639931\/"]}]}},"builder_content":"<img src=\"http:\/\/hookandcook.eu\/wp-content\/uploads\/2020\/02\/srdelica_brake.png\" title=\"srdelica_brake\" alt=\"srdelica_brake\">\n<h1>Dostava i povrat<\/h1>\n<ul><li><h4>KAKO DA NAPRAVIM NARUD\u017dBU?<\/h4><p>Odaberite predmet koji vam se svi\u0111a, a zatim odaberite veli\u010dinu i kliknite na \"DODAJ U KO\u0160ARICU\", a zatim nastavite s kupnjom dok ne budete spremni za dovr\u0161etak kupnje. Nakon \u0161to izvr\u0161ite kona\u010dni odabir, kliknite \"IDI NA PROVJERU\" da biste pregledali sve stavke u ko\u0161arici. Ili kliknite ikonu TORBA u desnom donjem kutu zaslona. <\/p> <p>Kada u\u0111ete u ko\u0161aricu, kliknite \"CHECKOUT\" da biste unijeli svoju e-po\u0161tu, ozna\u010dite okvir s uvjetima i uvjetima, unesite kod za popust ako je dostupan.<\/p> <p>Kliknite CHECKOUT i unesite podatke o adresi za naplatu i dostavu<\/p> <p>Kliknite NASTAVI i odaberite na\u010din dostave<\/p> <p>Kliknite Nastavi da biste odabrali na\u010din pla\u0107anja. Mo\u017eete birati izme\u0111u pouze\u0107a ili Paypala. NAPOMENA: MO\u017dETE PLA\u0106ATI SVOJOM DEBITNOM ILI KREDITNOM KARTICOM NE POTREBANI DA IMATE POSJET PAYPAL RA\u010cUNA! Odaberite ikonu PAYPAL ili jednu od kartica navedenih ispod ikone PAYPAL. <\/p><\/li><li><h4>KADA BRODATE MOJ NARUD\u017dBU?<\/h4>Standardna dostava Obi\u010dno su potrebna 1-2 radna dana za obradu i otpremu va\u0161e narud\u017ebe i jo\u0161 2-3 radna dana za dostavu. <p>Nakon \u0161to po\u0161aljemo va\u0161 paket, e-po\u0161tom \u0107emo vam poslati na\u0161 broj za pra\u0107enje.<\/p><\/li><li><h4>KAKVE NA\u010cINE PLA\u0106ANJA PRIHVA\u0106ATE?<\/h4><p>hookandcook.eu prihva\u0107a:<\/p> <p>\u00b7 Visa<\/p> <p>\u00b7 MasterCard<\/p> <p>\u00b7 Amex<\/p> <p>\u00b7 PayPal<\/p> <p>\u00b7 Pouze\u0107em<\/p> <p>Napomena: Promotivni kodovi ne mogu se retroaktivno primijeniti.<\/p><\/li><li><h4>KAKO \u0106U ZNATI DA JE MOJ NARUD\u017dBA PRIHVATENA?<\/h4><p>Potvrdu e-po\u0161tom primit \u0107ete ubrzo nakon \u0161to je narud\u017eba poslana.<\/p> <p>Slobodno nas kontaktirajte izravno sa svim pitanjima:<\/p> <p>E-po\u0161ta: info@hookandcook.eu<br><br>Radno vrijeme:<\/p> <p>Ponedjeljak petak,<\/p> <p>9:00 - 19:00 <\/p><\/li><li><h4>Mogu li otkazati svoj nalog nakon \u0161to je postavljen?<\/h4><p>Nakon \u0161to je va\u0161a narud\u017eba predana, zapo\u010dinjemo obradu va\u0161e narud\u017ebe, \u0161to podrazumijeva niz koraka. U to vrijeme nismo u mogu\u0107nosti izmijeniti ili otkazati va\u0161u narud\u017ebu.<\/p> <p>Hookandcook \u017eeli osigurati da u potpunosti budete zadovoljni svojim iskustvom kupovine, ali u slu\u010daju da postoji problem, rado nudimo lagane povrate.<\/p><\/li><li><h4>POVRATNA POLITIKA<\/h4><ul> <li>Roba se mora vratiti u roku od 14 dana<\/li> <li>Roba mora imati prilo\u017eene sve originalne oznake u izvornom obliku (NE nositi, mijenjati ili prati).<\/li> <li>Zadr\u017eavamo pravo odbiti povrat \/ zamjenu ako predmeti imaju bilo kakve znakove istro\u0161enosti, promjena, zlouporabe ili o\u0161te\u0107enja<\/li> <li>Ako smatrate da je artikl neispravan, obavijestite ga na Info@hookandcook.eu prije nego \u0161to ga po\u0161aljete natrag.<\/li> <li>Po\u0161iljatelja po va\u0161em izboru mo\u017eete koristiti za puni povrat novca, umanjen za originalni tro\u0161ak dostave. Da biste osigurali da \u0107emo dobiti va\u0161 povratak \/ zamjenu, zatra\u017eite od va\u0161eg po\u0161iljatelja broj za pra\u0107enje.<\/li> <li>Nismo odgovorni za izgubljene povrate ili zamjene.<\/li> <li>Originalni tro\u0161kovi dostave i rukovanja ne mogu se vratiti<\/li> <li>Svi povrati se izdaju na izvorni na\u010din pla\u0107anja<\/li> <\/ul><\/li><li><h4>BRODOVATE LI INTERNACIONALNO?<\/h4><p>Trenutno isporu\u010dujemo u Hrvatsku, Sloveniju, Austriju, Njema\u010dku, Ma\u0111arsku, Slova\u010dku, Belgiju, Francusku, Italiju, Nizozemsku, Poljsku, Portugal, \u0160panjolsku, \u0160vedsku<\/p><\/li><\/ul>","_links":{"self":[{"href":"http:\/\/hookandcook.eu\/hr\/wp-json\/wp\/v2\/pages\/1562","targetHints":{"allow":["GET"]}}],"collection":[{"href":"http:\/\/hookandcook.eu\/hr\/wp-json\/wp\/v2\/pages"}],"about":[{"href":"http:\/\/hookandcook.eu\/hr\/wp-json\/wp\/v2\/types\/page"}],"author":[{"embeddable":true,"href":"http:\/\/hookandcook.eu\/hr\/wp-json\/wp\/v2\/users\/2"}],"replies":[{"embeddable":true,"href":"http:\/\/hookandcook.eu\/hr\/wp-json\/wp\/v2\/comments?post=1562"}],"version-history":[{"count":5,"href":"http:\/\/hookandcook.eu\/hr\/wp-json\/wp\/v2\/pages\/1562\/revisions"}],"predecessor-version":[{"id":1567,"href":"http:\/\/hookandcook.eu\/hr\/wp-json\/wp\/v2\/pages\/1562\/revisions\/1567"}],"wp:attachment":[{"href":"http:\/\/hookandcook.eu\/hr\/wp-json\/wp\/v2\/media?parent=1562"}],"curies":[{"name":"wp","href":"https:\/\/api.w.org\/{rel}","templated":true}]}}