{"id":1550,"date":"2021-06-09T11:59:54","date_gmt":"2021-06-09T09:59:54","guid":{"rendered":"https:\/\/hookandcook.eu\/kontakt\/"},"modified":"2022-08-14T11:38:59","modified_gmt":"2022-08-14T09:38:59","slug":"kontakt","status":"publish","type":"page","link":"http:\/\/hookandcook.eu\/hr\/kontakt\/","title":{"rendered":"Kontakt"},"content":{"rendered":"<!--themify_builder_content-->\n<div id=\"themify_builder_content-1550\" data-postid=\"1550\" class=\"themify_builder_content themify_builder_content-1550 themify_builder tf_clear\">\n                    <div  data-lazy=\"1\" class=\"module_row themify_builder_row tb_uefx332 tb_first tf_w\">\n                        <div class=\"row_inner col_align_top tb_col_count_1 tf_box tf_rel\">\n                        <div  data-lazy=\"1\" class=\"module_column tb-column col-full tb_121n335 first\">\n                    <!-- module image -->\n<div  class=\"module module-image tb_b4pk310 image-center   tf_mw\" data-lazy=\"1\">\n        <div class=\"image-wrap tf_rel tf_mw\">\n            <img loading=\"lazy\" decoding=\"async\" width=\"700\" height=\"400\" src=\"http:\/\/hookandcook.eu\/wp-content\/uploads\/2020\/02\/WOBBLY-LOGO-black.gif\" class=\"wp-post-image wp-image-1552\" title=\"MALO-LOGO-crna\" alt=\"MALO-LOGO-crna\">    \n        <\/div>\n    <!-- \/image-wrap -->\n    \n        <\/div>\n<!-- \/module image --><!-- module image -->\n<div  class=\"module module-image tb_m4x40 image-center   tf_mw\" data-lazy=\"1\">\n        <div class=\"image-wrap tf_rel tf_mw\">\n            <img loading=\"lazy\" decoding=\"async\" width=\"300\" height=\"21\" src=\"http:\/\/hookandcook.eu\/wp-content\/uploads\/2020\/02\/srdelica_brake.png\" class=\"wp-post-image wp-image-1426\" title=\"srdelica_brake\" alt=\"srdelica_brake\">    \n        <\/div>\n    <!-- \/image-wrap -->\n    \n        <\/div>\n<!-- \/module image -->        <\/div>\n                        <\/div>\n        <\/div>\n                        <div  data-css_id=\"vcqd446\" data-lazy=\"1\" class=\"module_row themify_builder_row fullwidth tb_vcqd446 tf_w\">\n            <span class=\"builder_row_cover tf_abs\"><\/span>            <div class=\"row_inner col_align_middle tb_col_count_3 tf_box tf_rel\">\n                        <div  data-lazy=\"1\" class=\"module_column tb-column col3-1 tb_9s12447 first\">\n                    <!-- module text -->\n<div  class=\"module module-text tb_oq43938   \" data-lazy=\"1\">\n        <div  class=\"tb_text_wrap\">\n        <h2 style=\"text-align: center;\">RESTORAN <\/h2>\n<p style=\"text-align: center;\">RU\u017dA, Obrt za ugostiteljstvo i ribarstvo, vl. Josip Urti, Pula, Ulica Sergijeva\u010da 18, OIB: 14646719187<\/p>\n<p style=\"text-align: center;\"> <\/p>    <\/div>\n<\/div>\n<!-- \/module text -->        <\/div>\n                    <div  data-lazy=\"1\" class=\"module_column tb-column col3-1 tb_mquu439\">\n                    <!-- module text -->\n<div  class=\"module module-text tb_fvga725   \" data-lazy=\"1\">\n        <div  class=\"tb_text_wrap\">\n        <h2 style=\"text-align: center;\">FESTIVAL<\/h2>\n<p style=\"text-align: center;\">TUNANA, obrt za morski ribolov i organizaciju zabavno kulturnih doga\u0111aja, vl. Sini\u0161a Pavlovi\u0107, Medulin, Regi 79, OIB 62706519467<\/p>    <\/div>\n<\/div>\n<!-- \/module text -->        <\/div>\n                    <div  data-lazy=\"1\" class=\"module_column tb-column col3-1 tb_1dg7439 last\">\n                    <!-- module text -->\n<div  class=\"module module-text tb_0e3l945   \" data-lazy=\"1\">\n        <div  class=\"tb_text_wrap\">\n        <h2 style=\"text-align: center;\">DU\u0106AN<\/h2>\n<p style=\"text-align: center;\">DOBRA PRI\u010cA jdoo Medulin, Sad 110 |, Hrvatska, OIB: 78359922408 | Upisano u registar Trgova\u010dkog suda u Pazinu MBS: 130092523 | IBAN: HR5723400091110999664 otvoren kod PRIVREDNA BANKA ZAGREB DD Zagreb | Temeljni kapital u cijelosti upla\u0107en 10,00 kuna | \u010clan uprave: Josip Urti<\/p>    <\/div>\n<\/div>\n<!-- \/module text -->        <\/div>\n                        <\/div>\n        <\/div>\n                        <div  data-lazy=\"1\" class=\"module_row themify_builder_row tb_id3x912 tf_w\">\n                        <div class=\"row_inner col_align_top tb_col_count_1 tf_box tf_rel\">\n                        <div  data-lazy=\"1\" class=\"module_column tb-column col-full tb_ehkd913 first\">\n                    <!-- module image -->\n<div  class=\"module module-image tb_ilj9928 image-center   tf_mw\" data-lazy=\"1\">\n        <div class=\"image-wrap tf_rel tf_mw\">\n            <img loading=\"lazy\" decoding=\"async\" width=\"300\" height=\"21\" src=\"http:\/\/hookandcook.eu\/wp-content\/uploads\/2020\/02\/srdelica_brake.png\" class=\"wp-post-image wp-image-1426\" title=\"srdelica_brake\" alt=\"srdelica_brake\">    \n        <\/div>\n    <!-- \/image-wrap -->\n    \n        <\/div>\n<!-- \/module image -->        <\/div>\n                        <\/div>\n        <\/div>\n                        <div  data-lazy=\"1\" class=\"module_row themify_builder_row tb_1da1850 tf_w\">\n                        <div class=\"row_inner col_align_top tb_col_count_2 tf_box tf_rel\">\n                        <div  data-lazy=\"1\" class=\"module_column tb-column col4-2 tb_whtq850 first\">\n                    <!-- module text -->\n<div  class=\"module module-text tb_bnwk853  repeat \" data-lazy=\"1\">\n        <div  class=\"tb_text_wrap\">\n        <h4>\n<div class=\"wpcf7 no-js\" id=\"wpcf7-f1102-o1\" lang=\"en-US\" dir=\"ltr\" data-wpcf7-id=\"1102\">\n<div class=\"screen-reader-response\"><p role=\"status\" aria-live=\"polite\" aria-atomic=\"true\"><\/p> <ul><\/ul><\/div>\n<form action=\"\/hr\/wp-json\/wp\/v2\/pages\/1550#wpcf7-f1102-o1\" method=\"post\" class=\"wpcf7-form init\" aria-label=\"Contact form\" novalidate=\"novalidate\" data-status=\"init\">\n<div style=\"display: none;\">\n<input type=\"hidden\" name=\"_wpcf7\" value=\"1102\" \/>\n<input type=\"hidden\" name=\"_wpcf7_version\" value=\"6.0.3\" \/>\n<input type=\"hidden\" name=\"_wpcf7_locale\" value=\"en_US\" \/>\n<input type=\"hidden\" name=\"_wpcf7_unit_tag\" value=\"wpcf7-f1102-o1\" \/>\n<input type=\"hidden\" name=\"_wpcf7_container_post\" value=\"0\" \/>\n<input type=\"hidden\" name=\"_wpcf7_posted_data_hash\" value=\"\" \/>\n<\/div>\n<p><label> Your name<br \/>\n<span class=\"wpcf7-form-control-wrap\" data-name=\"your-name\"><input size=\"40\" maxlength=\"400\" class=\"wpcf7-form-control wpcf7-text wpcf7-validates-as-required\" aria-required=\"true\" aria-invalid=\"false\" value=\"\" type=\"text\" name=\"your-name\" \/><\/span> <\/label>\n<\/p>\n<p><label> Your email<br \/>\n<span class=\"wpcf7-form-control-wrap\" data-name=\"your-email\"><input size=\"40\" maxlength=\"400\" class=\"wpcf7-form-control wpcf7-email wpcf7-validates-as-required wpcf7-text wpcf7-validates-as-email\" aria-required=\"true\" aria-invalid=\"false\" value=\"\" type=\"email\" name=\"your-email\" \/><\/span> <\/label>\n<\/p>\n<p><label> Subject<br \/>\n<span class=\"wpcf7-form-control-wrap\" data-name=\"your-subject\"><input size=\"40\" maxlength=\"400\" class=\"wpcf7-form-control wpcf7-text wpcf7-validates-as-required\" aria-required=\"true\" aria-invalid=\"false\" value=\"\" type=\"text\" name=\"your-subject\" \/><\/span> <\/label>\n<\/p>\n<p><label> Your message<br \/>\n<span class=\"wpcf7-form-control-wrap\" data-name=\"your-message\"><textarea cols=\"40\" rows=\"10\" maxlength=\"2000\" class=\"wpcf7-form-control wpcf7-textarea\" aria-invalid=\"false\" name=\"your-message\"><\/textarea><\/span> <\/label>\n<\/p>\n<p><input class=\"wpcf7-form-control wpcf7-submit has-spinner\" type=\"submit\" value=\"Submit\" \/>\n<\/p><div class=\"wpcf7-response-output\" aria-hidden=\"true\"><\/div>\n<\/form>\n<\/div>\n<\/h4>    <\/div>\n<\/div>\n<!-- \/module text -->        <\/div>\n                    <div  data-lazy=\"1\" class=\"module_column tb-column col4-2 tb_87ly634 last\">\n                            <\/div>\n                        <\/div>\n        <\/div>\n        <\/div>\n<!--\/themify_builder_content-->","protected":false},"excerpt":{"rendered":"<p>RESTORAN RU\u017dA, Obrt za ugostiteljstvo i ribarstvo, vl. Josip Urti, Pula, Ulica Sergijeva\u010da 18, OIB: 14646719187 FESTIVAL TUNANA, obrt za morski ribolov i organizaciju zabavno kulturnih doga\u0111aja, vl. Sini\u0161a Pavlovi\u0107, Medulin, Regi 79, OIB 62706519467 DU\u0106AN DOBRA PRI\u010cA jdoo Medulin, Sad 110 |, Hrvatska, OIB: 78359922408 | Upisano u registar Trgova\u010dkog suda u Pazinu MBS: [&hellip;]<\/p>\n","protected":false},"author":1,"featured_media":0,"parent":0,"menu_order":0,"comment_status":"closed","ping_status":"closed","template":"","meta":{"inline_featured_image":false,"_monsterinsights_skip_tracking":false,"_monsterinsights_sitenote_active":false,"_monsterinsights_sitenote_note":"","_monsterinsights_sitenote_category":0,"footnotes":""},"class_list":["post-1550","page","type-page","status-publish","hentry","has-post-title","has-post-date","has-post-category","has-post-tag","has-post-comment","has-post-author",""],"yoast_head":"<!-- This site is optimized with the Yoast SEO plugin v24.2 - https:\/\/yoast.com\/wordpress\/plugins\/seo\/ -->\n<title>Kontakt &#8211;<\/title>\n<meta name=\"description\" content=\"% %excerpt % %\" \/>\n<meta name=\"robots\" content=\"index, follow, max-snippet:-1, max-image-preview:large, max-video-preview:-1\" \/>\n<link rel=\"canonical\" href=\"http:\/\/hookandcook.eu\/hr\/kontakt\/\" \/>\n<meta property=\"og:locale\" content=\"hr_HR\" \/>\n<meta property=\"og:type\" content=\"article\" \/>\n<meta property=\"og:title\" content=\"Kontakt &#8211;\" \/>\n<meta property=\"og:description\" content=\"% %excerpt % %\" \/>\n<meta property=\"og:url\" content=\"http:\/\/hookandcook.eu\/hr\/kontakt\/\" \/>\n<meta property=\"article:publisher\" content=\"https:\/\/www.facebook.com\/HookCook-Pula-318130468639931\/\" \/>\n<meta property=\"article:modified_time\" content=\"2022-08-14T09:38:59+00:00\" \/>\n<meta property=\"og:image\" content=\"https:\/\/hookandcook.eu\/wp-content\/uploads\/2020\/02\/WOBBLY-LOGO-black.gif\" \/>\n<script type=\"application\/ld+json\" class=\"yoast-schema-graph\">{\"@context\":\"https:\/\/schema.org\",\"@graph\":[{\"@type\":\"WebPage\",\"@id\":\"http:\/\/hookandcook.eu\/hr\/kontakt\/\",\"url\":\"http:\/\/hookandcook.eu\/hr\/kontakt\/\",\"name\":\"Kontakt &#8211;\",\"isPartOf\":{\"@id\":\"https:\/\/hookandcook.eu\/hr\/#website\"},\"primaryImageOfPage\":{\"@id\":\"http:\/\/hookandcook.eu\/hr\/kontakt\/#primaryimage\"},\"image\":{\"@id\":\"http:\/\/hookandcook.eu\/hr\/kontakt\/#primaryimage\"},\"thumbnailUrl\":\"https:\/\/hookandcook.eu\/wp-content\/uploads\/2020\/02\/WOBBLY-LOGO-black.gif\",\"datePublished\":\"2021-06-09T09:59:54+00:00\",\"dateModified\":\"2022-08-14T09:38:59+00:00\",\"description\":\"% %excerpt % %\",\"breadcrumb\":{\"@id\":\"http:\/\/hookandcook.eu\/hr\/kontakt\/#breadcrumb\"},\"inLanguage\":\"hr\",\"potentialAction\":[{\"@type\":\"ReadAction\",\"target\":[\"http:\/\/hookandcook.eu\/hr\/kontakt\/\"]}]},{\"@type\":\"ImageObject\",\"inLanguage\":\"hr\",\"@id\":\"http:\/\/hookandcook.eu\/hr\/kontakt\/#primaryimage\",\"url\":\"https:\/\/hookandcook.eu\/wp-content\/uploads\/2020\/02\/WOBBLY-LOGO-black.gif\",\"contentUrl\":\"https:\/\/hookandcook.eu\/wp-content\/uploads\/2020\/02\/WOBBLY-LOGO-black.gif\"},{\"@type\":\"BreadcrumbList\",\"@id\":\"http:\/\/hookandcook.eu\/hr\/kontakt\/#breadcrumb\",\"itemListElement\":[{\"@type\":\"ListItem\",\"position\":1,\"name\":\"Home\",\"item\":\"https:\/\/hookandcook.eu\/hr\/\"},{\"@type\":\"ListItem\",\"position\":2,\"name\":\"Kontakt\"}]},{\"@type\":\"WebSite\",\"@id\":\"https:\/\/hookandcook.eu\/hr\/#website\",\"url\":\"https:\/\/hookandcook.eu\/hr\/\",\"name\":\"\",\"description\":\"Hook&amp;Cook\",\"publisher\":{\"@id\":\"https:\/\/hookandcook.eu\/hr\/#organization\"},\"potentialAction\":[{\"@type\":\"SearchAction\",\"target\":{\"@type\":\"EntryPoint\",\"urlTemplate\":\"https:\/\/hookandcook.eu\/hr\/?s={search_term_string}\"},\"query-input\":{\"@type\":\"PropertyValueSpecification\",\"valueRequired\":true,\"valueName\":\"search_term_string\"}}],\"inLanguage\":\"hr\"},{\"@type\":\"Organization\",\"@id\":\"https:\/\/hookandcook.eu\/hr\/#organization\",\"name\":\"Hook and Cook\",\"url\":\"https:\/\/hookandcook.eu\/hr\/\",\"logo\":{\"@type\":\"ImageObject\",\"inLanguage\":\"hr\",\"@id\":\"https:\/\/hookandcook.eu\/hr\/#\/schema\/logo\/image\/\",\"url\":\"\",\"contentUrl\":\"\",\"caption\":\"Hook and Cook\"},\"image\":{\"@id\":\"https:\/\/hookandcook.eu\/hr\/#\/schema\/logo\/image\/\"},\"sameAs\":[\"https:\/\/www.facebook.com\/HookCook-Pula-318130468639931\/\"]}]}<\/script>\n<!-- \/ Yoast SEO plugin. -->","yoast_head_json":{"title":"Kontakt &#8211;","description":"% %excerpt % %","robots":{"index":"index","follow":"follow","max-snippet":"max-snippet:-1","max-image-preview":"max-image-preview:large","max-video-preview":"max-video-preview:-1"},"canonical":"http:\/\/hookandcook.eu\/hr\/kontakt\/","og_locale":"hr_HR","og_type":"article","og_title":"Kontakt &#8211;","og_description":"% %excerpt % %","og_url":"http:\/\/hookandcook.eu\/hr\/kontakt\/","article_publisher":"https:\/\/www.facebook.com\/HookCook-Pula-318130468639931\/","article_modified_time":"2022-08-14T09:38:59+00:00","og_image":[{"url":"https:\/\/hookandcook.eu\/wp-content\/uploads\/2020\/02\/WOBBLY-LOGO-black.gif","type":"","width":"","height":""}],"schema":{"@context":"https:\/\/schema.org","@graph":[{"@type":"WebPage","@id":"http:\/\/hookandcook.eu\/hr\/kontakt\/","url":"http:\/\/hookandcook.eu\/hr\/kontakt\/","name":"Kontakt &#8211;","isPartOf":{"@id":"https:\/\/hookandcook.eu\/hr\/#website"},"primaryImageOfPage":{"@id":"http:\/\/hookandcook.eu\/hr\/kontakt\/#primaryimage"},"image":{"@id":"http:\/\/hookandcook.eu\/hr\/kontakt\/#primaryimage"},"thumbnailUrl":"https:\/\/hookandcook.eu\/wp-content\/uploads\/2020\/02\/WOBBLY-LOGO-black.gif","datePublished":"2021-06-09T09:59:54+00:00","dateModified":"2022-08-14T09:38:59+00:00","description":"% %excerpt % %","breadcrumb":{"@id":"http:\/\/hookandcook.eu\/hr\/kontakt\/#breadcrumb"},"inLanguage":"hr","potentialAction":[{"@type":"ReadAction","target":["http:\/\/hookandcook.eu\/hr\/kontakt\/"]}]},{"@type":"ImageObject","inLanguage":"hr","@id":"http:\/\/hookandcook.eu\/hr\/kontakt\/#primaryimage","url":"https:\/\/hookandcook.eu\/wp-content\/uploads\/2020\/02\/WOBBLY-LOGO-black.gif","contentUrl":"https:\/\/hookandcook.eu\/wp-content\/uploads\/2020\/02\/WOBBLY-LOGO-black.gif"},{"@type":"BreadcrumbList","@id":"http:\/\/hookandcook.eu\/hr\/kontakt\/#breadcrumb","itemListElement":[{"@type":"ListItem","position":1,"name":"Home","item":"https:\/\/hookandcook.eu\/hr\/"},{"@type":"ListItem","position":2,"name":"Kontakt"}]},{"@type":"WebSite","@id":"https:\/\/hookandcook.eu\/hr\/#website","url":"https:\/\/hookandcook.eu\/hr\/","name":"","description":"Hook&amp;Cook","publisher":{"@id":"https:\/\/hookandcook.eu\/hr\/#organization"},"potentialAction":[{"@type":"SearchAction","target":{"@type":"EntryPoint","urlTemplate":"https:\/\/hookandcook.eu\/hr\/?s={search_term_string}"},"query-input":{"@type":"PropertyValueSpecification","valueRequired":true,"valueName":"search_term_string"}}],"inLanguage":"hr"},{"@type":"Organization","@id":"https:\/\/hookandcook.eu\/hr\/#organization","name":"Hook and Cook","url":"https:\/\/hookandcook.eu\/hr\/","logo":{"@type":"ImageObject","inLanguage":"hr","@id":"https:\/\/hookandcook.eu\/hr\/#\/schema\/logo\/image\/","url":"","contentUrl":"","caption":"Hook and Cook"},"image":{"@id":"https:\/\/hookandcook.eu\/hr\/#\/schema\/logo\/image\/"},"sameAs":["https:\/\/www.facebook.com\/HookCook-Pula-318130468639931\/"]}]}},"builder_content":"<img src=\"http:\/\/hookandcook.eu\/wp-content\/uploads\/2020\/02\/WOBBLY-LOGO-black.gif\" title=\"MALO-LOGO-crna\" alt=\"MALO-LOGO-crna\">\n<img src=\"http:\/\/hookandcook.eu\/wp-content\/uploads\/2020\/02\/srdelica_brake.png\" title=\"srdelica_brake\" alt=\"srdelica_brake\">\n<h2 style=\"text-align: center;\">RESTORAN <\/h2> <p style=\"text-align: center;\">RU\u017dA, Obrt za ugostiteljstvo i ribarstvo, vl. Josip Urti, Pula, Ulica Sergijeva\u010da 18, OIB: 14646719187<\/p> <p style=\"text-align: center;\"> <\/p>\n<h2 style=\"text-align: center;\">FESTIVAL<\/h2> <p style=\"text-align: center;\">TUNANA, obrt za morski ribolov i organizaciju zabavno kulturnih doga\u0111aja, vl. Sini\u0161a Pavlovi\u0107, Medulin, Regi 79, OIB 62706519467<\/p>\n<h2 style=\"text-align: center;\">DU\u0106AN<\/h2> <p style=\"text-align: center;\">DOBRA PRI\u010cA jdoo Medulin, Sad 110 |, Hrvatska, OIB: 78359922408 | Upisano u registar Trgova\u010dkog suda u Pazinu MBS: 130092523 | IBAN: HR5723400091110999664 otvoren kod PRIVREDNA BANKA ZAGREB DD Zagreb | Temeljni kapital u cijelosti upla\u0107en 10,00 kuna | \u010clan uprave: Josip Urti<\/p>\n<img src=\"http:\/\/hookandcook.eu\/wp-content\/uploads\/2020\/02\/srdelica_brake.png\" title=\"srdelica_brake\" alt=\"srdelica_brake\">\n<h4>[contact-form-7 id=\"1102\" title=\"Obrazac za kontakt 1\"]<\/h4>","_links":{"self":[{"href":"http:\/\/hookandcook.eu\/hr\/wp-json\/wp\/v2\/pages\/1550","targetHints":{"allow":["GET"]}}],"collection":[{"href":"http:\/\/hookandcook.eu\/hr\/wp-json\/wp\/v2\/pages"}],"about":[{"href":"http:\/\/hookandcook.eu\/hr\/wp-json\/wp\/v2\/types\/page"}],"author":[{"embeddable":true,"href":"http:\/\/hookandcook.eu\/hr\/wp-json\/wp\/v2\/users\/1"}],"replies":[{"embeddable":true,"href":"http:\/\/hookandcook.eu\/hr\/wp-json\/wp\/v2\/comments?post=1550"}],"version-history":[{"count":6,"href":"http:\/\/hookandcook.eu\/hr\/wp-json\/wp\/v2\/pages\/1550\/revisions"}],"predecessor-version":[{"id":1765,"href":"http:\/\/hookandcook.eu\/hr\/wp-json\/wp\/v2\/pages\/1550\/revisions\/1765"}],"wp:attachment":[{"href":"http:\/\/hookandcook.eu\/hr\/wp-json\/wp\/v2\/media?parent=1550"}],"curies":[{"name":"wp","href":"https:\/\/api.w.org\/{rel}","templated":true}]}}