{"id":1502,"date":"2021-06-09T10:52:30","date_gmt":"2021-06-09T08:52:30","guid":{"rendered":"https:\/\/hookandcook.eu\/blog\/"},"modified":"2021-06-09T10:53:21","modified_gmt":"2021-06-09T08:53:21","slug":"blog","status":"publish","type":"page","link":"http:\/\/hookandcook.eu\/hr\/blog\/","title":{"rendered":"Blog"},"content":{"rendered":"<!--themify_builder_content-->\n<div id=\"themify_builder_content-1502\" data-postid=\"1502\" class=\"themify_builder_content themify_builder_content-1502 themify_builder tf_clear\">\n                    <div  data-css_id=\"wbr4786\" data-lazy=\"1\" class=\"module_row themify_builder_row fullwidth_row_container tb_wbr4786 tb_first tf_w\">\n            <span class=\"builder_row_cover tf_abs\"><\/span>            <div class=\"row_inner col_align_top tb_col_count_1 tf_box tf_rel\">\n                        <div  data-lazy=\"1\" class=\"module_column tb-column col-full tb_6dxz788 first\">\n                    <!-- module text -->\n<div  class=\"module module-text tb_hh9m746   \" data-lazy=\"1\">\n        <div  class=\"tb_text_wrap\">\n        <h1 style=\"text-align: center;\">Hook and Cook Dnevnik<\/h1>    <\/div>\n<\/div>\n<!-- \/module text --><!-- module image -->\n<div  class=\"module module-image tb_2i3z791 image-center   tf_mw\" data-lazy=\"1\">\n        <div class=\"image-wrap tf_rel tf_mw\">\n            <img decoding=\"async\" src=\"http:\/\/hookandcook.eu\/wp-content\/uploads\/2020\/02\/srdelica_brake.png\" width=\"300\" class=\"wp-post-image wp-image-1426\" title=\"srdelica_brake\" alt=\"srdelica_brake\">    \n        <\/div>\n    <!-- \/image-wrap -->\n    \n        <\/div>\n<!-- \/module image -->        <\/div>\n                        <\/div>\n        <\/div>\n                        <div  data-lazy=\"1\" class=\"module_row themify_builder_row tb_rl6f379 tf_w\">\n                        <div class=\"row_inner col_align_top tb_col_count_1 tf_box tf_rel\">\n                        <div  data-lazy=\"1\" class=\"module_column tb-column col-full tb_70yg380 first\">\n                    <!-- module image -->\n<div  class=\"module module-image tb_hnj1740 image-center   tf_mw\" data-lazy=\"1\">\n        <div class=\"image-wrap tf_rel tf_mw\">\n            <img loading=\"lazy\" decoding=\"async\" width=\"300\" height=\"21\" src=\"http:\/\/hookandcook.eu\/wp-content\/uploads\/2020\/02\/srdelica_brake.png\" class=\"wp-post-image wp-image-1426\" title=\"srdelica_brake\" alt=\"srdelica_brake\">    \n        <\/div>\n    <!-- \/image-wrap -->\n    \n        <\/div>\n<!-- \/module image -->        <\/div>\n                        <\/div>\n        <\/div>\n                        <div  data-lazy=\"1\" class=\"module_row themify_builder_row tb_cqii688 tf_w\">\n                        <div class=\"row_inner col_align_top tb_col_count_1 tf_box tf_rel\">\n                        <div  data-lazy=\"1\" class=\"module_column tb-column col-full tb_0b0j689 first\">\n                    <!-- module post -->\n<div  class=\"module module-post tb_1yyr130 \">\n    <div  class=\"builder-posts-wrap loops-wrapper grid2 masonry no tf_rel tf_clear tf_clearfix\" data-lazy=\"1\">\n    <article id=\"post-1518\" class=\"post tf_clearfix post-1518 type-post status-publish format-standard hentry category-uncategorized-hr has-post-title has-post-date has-post-category has-post-tag has-post-comment has-post-author \">\n\t    \n\t                <figure class=\"post-image tf_clearfix\">\n                                                            <a href=\"http:\/\/hookandcook.eu\/hr\/prica-o-hook-and-cooku\/\">\n                                        <img decoding=\"async\" src=\"http:\/\/hookandcook.eu\/wp-content\/uploads\/2020\/05\/hook-and-cook-festival-in-medulin.jpg\" alt=\"events and festival Medulin\">                                                                    <\/a>\n                                                                <\/figure>\n                    \t<div class=\"post-content\">\n\t\t<div class=\"post-content-inner\">\n\n\t\t\t\t\t\t\t\t<div class=\"post-date-wrap post-date-inline\">\n\t\t<time class=\"post-date entry-date updated\" datetime=\"2021-06-09\">\n\t\t\t\t\t<span class=\"year\">09\/06\/2021<\/span>\n\t\t\t\t<\/time>\n\t<\/div><!-- .post-date-wrap -->\n\t\t\t\t\n\t\t\t<h2 class=\"post-title entry-title\"><a href=\"http:\/\/hookandcook.eu\/hr\/prica-o-hook-and-cooku\/\">Pri\u010da o Hook and Cooku<\/a><\/h2>\n\t\t\t\n\t\t\t\n\t\t\t        <div class=\"entry-content\">\n\n        \n            <p>WE ARE HOOK &amp; COOK Hook and Cook is a brand conceived in 2016. The goal was to unify fishing, exceptional food, and great music within summer vibes trough events and festivals.\u00a0This project originated from companionship and love for the sea. It continues to bring together local fishermen, chefs, musicians, and friends. For that reason [&hellip;]<\/p>\n\n                \n            \n        <\/div><!-- \/.entry-content -->\n        \n\t\t<\/div>\n\t\t<!-- \/.post-content-inner -->\n\t<\/div>\n\t<!-- \/.post-content -->\n\t\n<\/article>\n<!-- \/.post -->\n<article id=\"post-1515\" class=\"post tf_clearfix post-1515 type-post status-publish format-standard hentry category-uncategorized-hr has-post-title has-post-date has-post-category has-post-tag has-post-comment has-post-author \">\n\t    \n\t\t<div class=\"post-content\">\n\t\t<div class=\"post-content-inner\">\n\n\t\t\t\t\t\t\t\t<div class=\"post-date-wrap post-date-inline\">\n\t\t<time class=\"post-date entry-date updated\" datetime=\"2021-06-09\">\n\t\t\t\t\t<span class=\"year\">09\/06\/2021<\/span>\n\t\t\t\t<\/time>\n\t<\/div><!-- .post-date-wrap -->\n\t\t\t\t\n\t\t\t<h2 class=\"post-title entry-title\"><a href=\"http:\/\/hookandcook.eu\/hr\/hook-and-cook-srdele\/\">Hook and Cook srdele<\/a><\/h2>\n\t\t\t\n\t\t\t\n\t\t\t        <div class=\"entry-content\">\n\n        \n            <p>Od mora do stola &#8211; Hook and Cook poglavlje o odr\u017eivom ribarstvu<\/p>\n\n                \n            \n        <\/div><!-- \/.entry-content -->\n        \n\t\t<\/div>\n\t\t<!-- \/.post-content-inner -->\n\t<\/div>\n\t<!-- \/.post-content -->\n\t\n<\/article>\n<!-- \/.post -->\n<article id=\"post-1508\" class=\"post tf_clearfix post-1508 type-post status-publish format-standard hentry category-uncategorized-hr has-post-title has-post-date has-post-category has-post-tag has-post-comment has-post-author \">\n\t    \n\t\t<div class=\"post-content\">\n\t\t<div class=\"post-content-inner\">\n\n\t\t\t\t\t\t\t\t<div class=\"post-date-wrap post-date-inline\">\n\t\t<time class=\"post-date entry-date updated\" datetime=\"2021-06-09\">\n\t\t\t\t\t<span class=\"year\">09\/06\/2021<\/span>\n\t\t\t\t<\/time>\n\t<\/div><!-- .post-date-wrap -->\n\t\t\t\t\n\t\t\t<h2 class=\"post-title entry-title\"><a href=\"http:\/\/hookandcook.eu\/hr\/recepti-za-hook-and-cook-srdela\/\">Recepti za Hook and Cook Srdela<\/a><\/h2>\n\t\t\t\n\t\t\t\n\t\t\t        <div class=\"entry-content\">\n\n        \n            \n                \n            \n        <\/div><!-- \/.entry-content -->\n        \n\t\t<\/div>\n\t\t<!-- \/.post-content-inner -->\n\t<\/div>\n\t<!-- \/.post-content -->\n\t\n<\/article>\n<!-- \/.post -->\n    <\/div><!-- .builder-posts-wrap -->\n            <\/div>\n<!-- \/module post -->\n            <\/div>\n                        <\/div>\n        <\/div>\n        <\/div>\n<!--\/themify_builder_content-->","protected":false},"excerpt":{"rendered":"<p>Hook and Cook Diary<\/p>\n","protected":false},"author":2,"featured_media":0,"parent":0,"menu_order":0,"comment_status":"closed","ping_status":"closed","template":"","meta":{"inline_featured_image":false,"_monsterinsights_skip_tracking":false,"_monsterinsights_sitenote_active":false,"_monsterinsights_sitenote_note":"","_monsterinsights_sitenote_category":0,"footnotes":""},"class_list":["post-1502","page","type-page","status-publish","hentry","has-post-title","has-post-date","has-post-category","has-post-tag","has-post-comment","has-post-author",""],"yoast_head":"<!-- This site is optimized with the Yoast SEO plugin v24.2 - https:\/\/yoast.com\/wordpress\/plugins\/seo\/ -->\n<title>Hook and Cook uli\u010dna hrana Blog &#8211; Street Seafood Festival u Medulinu<\/title>\n<meta name=\"description\" content=\"Prona\u0111ite sve informacije o jedinstvenom lokalnom Hook and Cook festivalu uli\u010dne hrane u Medulinu. Svi dostupni datumi i vijesti tvrtke Hook and Cook.\" \/>\n<meta name=\"robots\" content=\"index, follow, max-snippet:-1, max-image-preview:large, max-video-preview:-1\" \/>\n<link rel=\"canonical\" href=\"http:\/\/hookandcook.eu\/hr\/blog\/\" \/>\n<meta property=\"og:locale\" content=\"hr_HR\" \/>\n<meta property=\"og:type\" content=\"article\" \/>\n<meta property=\"og:title\" content=\"Hook and Cook uli\u010dna hrana Blog &#8211; Street Seafood Festival u Medulinu\" \/>\n<meta property=\"og:description\" content=\"Prona\u0111ite sve informacije o jedinstvenom lokalnom Hook and Cook festivalu uli\u010dne hrane u Medulinu. Svi dostupni datumi i vijesti tvrtke Hook and Cook.\" \/>\n<meta property=\"og:url\" content=\"http:\/\/hookandcook.eu\/hr\/blog\/\" \/>\n<meta property=\"article:publisher\" content=\"https:\/\/www.facebook.com\/HookCook-Pula-318130468639931\/\" \/>\n<meta property=\"article:modified_time\" content=\"2021-06-09T08:53:21+00:00\" \/>\n<meta property=\"og:image\" content=\"https:\/\/hookandcook.eu\/wp-content\/uploads\/2020\/02\/srdelica_brake.png\" \/>\n<script type=\"application\/ld+json\" class=\"yoast-schema-graph\">{\"@context\":\"https:\/\/schema.org\",\"@graph\":[{\"@type\":\"WebPage\",\"@id\":\"http:\/\/hookandcook.eu\/hr\/blog\/\",\"url\":\"http:\/\/hookandcook.eu\/hr\/blog\/\",\"name\":\"Hook and Cook uli\u010dna hrana Blog &#8211; Street Seafood Festival u Medulinu\",\"isPartOf\":{\"@id\":\"http:\/\/hookandcook.eu\/hr\/#website\"},\"primaryImageOfPage\":{\"@id\":\"http:\/\/hookandcook.eu\/hr\/blog\/#primaryimage\"},\"image\":{\"@id\":\"http:\/\/hookandcook.eu\/hr\/blog\/#primaryimage\"},\"thumbnailUrl\":\"https:\/\/hookandcook.eu\/wp-content\/uploads\/2020\/02\/srdelica_brake.png\",\"datePublished\":\"2021-06-09T08:52:30+00:00\",\"dateModified\":\"2021-06-09T08:53:21+00:00\",\"description\":\"Prona\u0111ite sve informacije o jedinstvenom lokalnom Hook and Cook festivalu uli\u010dne hrane u Medulinu. Svi dostupni datumi i vijesti tvrtke Hook and Cook.\",\"breadcrumb\":{\"@id\":\"http:\/\/hookandcook.eu\/hr\/blog\/#breadcrumb\"},\"inLanguage\":\"hr\",\"potentialAction\":[{\"@type\":\"ReadAction\",\"target\":[\"http:\/\/hookandcook.eu\/hr\/blog\/\"]}]},{\"@type\":\"ImageObject\",\"inLanguage\":\"hr\",\"@id\":\"http:\/\/hookandcook.eu\/hr\/blog\/#primaryimage\",\"url\":\"https:\/\/hookandcook.eu\/wp-content\/uploads\/2020\/02\/srdelica_brake.png\",\"contentUrl\":\"https:\/\/hookandcook.eu\/wp-content\/uploads\/2020\/02\/srdelica_brake.png\"},{\"@type\":\"BreadcrumbList\",\"@id\":\"http:\/\/hookandcook.eu\/hr\/blog\/#breadcrumb\",\"itemListElement\":[{\"@type\":\"ListItem\",\"position\":1,\"name\":\"Home\",\"item\":\"http:\/\/hookandcook.eu\/hr\/\"},{\"@type\":\"ListItem\",\"position\":2,\"name\":\"Blog\"}]},{\"@type\":\"WebSite\",\"@id\":\"http:\/\/hookandcook.eu\/hr\/#website\",\"url\":\"http:\/\/hookandcook.eu\/hr\/\",\"name\":\"\",\"description\":\"Hook&amp;Cook\",\"publisher\":{\"@id\":\"http:\/\/hookandcook.eu\/hr\/#organization\"},\"potentialAction\":[{\"@type\":\"SearchAction\",\"target\":{\"@type\":\"EntryPoint\",\"urlTemplate\":\"http:\/\/hookandcook.eu\/hr\/?s={search_term_string}\"},\"query-input\":{\"@type\":\"PropertyValueSpecification\",\"valueRequired\":true,\"valueName\":\"search_term_string\"}}],\"inLanguage\":\"hr\"},{\"@type\":\"Organization\",\"@id\":\"http:\/\/hookandcook.eu\/hr\/#organization\",\"name\":\"Hook and Cook\",\"url\":\"http:\/\/hookandcook.eu\/hr\/\",\"logo\":{\"@type\":\"ImageObject\",\"inLanguage\":\"hr\",\"@id\":\"http:\/\/hookandcook.eu\/hr\/#\/schema\/logo\/image\/\",\"url\":\"\",\"contentUrl\":\"\",\"caption\":\"Hook and Cook\"},\"image\":{\"@id\":\"http:\/\/hookandcook.eu\/hr\/#\/schema\/logo\/image\/\"},\"sameAs\":[\"https:\/\/www.facebook.com\/HookCook-Pula-318130468639931\/\"]}]}<\/script>\n<!-- \/ Yoast SEO plugin. -->","yoast_head_json":{"title":"Hook and Cook uli\u010dna hrana Blog &#8211; Street Seafood Festival u Medulinu","description":"Prona\u0111ite sve informacije o jedinstvenom lokalnom Hook and Cook festivalu uli\u010dne hrane u Medulinu. Svi dostupni datumi i vijesti tvrtke Hook and Cook.","robots":{"index":"index","follow":"follow","max-snippet":"max-snippet:-1","max-image-preview":"max-image-preview:large","max-video-preview":"max-video-preview:-1"},"canonical":"http:\/\/hookandcook.eu\/hr\/blog\/","og_locale":"hr_HR","og_type":"article","og_title":"Hook and Cook uli\u010dna hrana Blog &#8211; Street Seafood Festival u Medulinu","og_description":"Prona\u0111ite sve informacije o jedinstvenom lokalnom Hook and Cook festivalu uli\u010dne hrane u Medulinu. Svi dostupni datumi i vijesti tvrtke Hook and Cook.","og_url":"http:\/\/hookandcook.eu\/hr\/blog\/","article_publisher":"https:\/\/www.facebook.com\/HookCook-Pula-318130468639931\/","article_modified_time":"2021-06-09T08:53:21+00:00","og_image":[{"url":"https:\/\/hookandcook.eu\/wp-content\/uploads\/2020\/02\/srdelica_brake.png","type":"","width":"","height":""}],"schema":{"@context":"https:\/\/schema.org","@graph":[{"@type":"WebPage","@id":"http:\/\/hookandcook.eu\/hr\/blog\/","url":"http:\/\/hookandcook.eu\/hr\/blog\/","name":"Hook and Cook uli\u010dna hrana Blog &#8211; Street Seafood Festival u Medulinu","isPartOf":{"@id":"http:\/\/hookandcook.eu\/hr\/#website"},"primaryImageOfPage":{"@id":"http:\/\/hookandcook.eu\/hr\/blog\/#primaryimage"},"image":{"@id":"http:\/\/hookandcook.eu\/hr\/blog\/#primaryimage"},"thumbnailUrl":"https:\/\/hookandcook.eu\/wp-content\/uploads\/2020\/02\/srdelica_brake.png","datePublished":"2021-06-09T08:52:30+00:00","dateModified":"2021-06-09T08:53:21+00:00","description":"Prona\u0111ite sve informacije o jedinstvenom lokalnom Hook and Cook festivalu uli\u010dne hrane u Medulinu. Svi dostupni datumi i vijesti tvrtke Hook and Cook.","breadcrumb":{"@id":"http:\/\/hookandcook.eu\/hr\/blog\/#breadcrumb"},"inLanguage":"hr","potentialAction":[{"@type":"ReadAction","target":["http:\/\/hookandcook.eu\/hr\/blog\/"]}]},{"@type":"ImageObject","inLanguage":"hr","@id":"http:\/\/hookandcook.eu\/hr\/blog\/#primaryimage","url":"https:\/\/hookandcook.eu\/wp-content\/uploads\/2020\/02\/srdelica_brake.png","contentUrl":"https:\/\/hookandcook.eu\/wp-content\/uploads\/2020\/02\/srdelica_brake.png"},{"@type":"BreadcrumbList","@id":"http:\/\/hookandcook.eu\/hr\/blog\/#breadcrumb","itemListElement":[{"@type":"ListItem","position":1,"name":"Home","item":"http:\/\/hookandcook.eu\/hr\/"},{"@type":"ListItem","position":2,"name":"Blog"}]},{"@type":"WebSite","@id":"http:\/\/hookandcook.eu\/hr\/#website","url":"http:\/\/hookandcook.eu\/hr\/","name":"","description":"Hook&amp;Cook","publisher":{"@id":"http:\/\/hookandcook.eu\/hr\/#organization"},"potentialAction":[{"@type":"SearchAction","target":{"@type":"EntryPoint","urlTemplate":"http:\/\/hookandcook.eu\/hr\/?s={search_term_string}"},"query-input":{"@type":"PropertyValueSpecification","valueRequired":true,"valueName":"search_term_string"}}],"inLanguage":"hr"},{"@type":"Organization","@id":"http:\/\/hookandcook.eu\/hr\/#organization","name":"Hook and Cook","url":"http:\/\/hookandcook.eu\/hr\/","logo":{"@type":"ImageObject","inLanguage":"hr","@id":"http:\/\/hookandcook.eu\/hr\/#\/schema\/logo\/image\/","url":"","contentUrl":"","caption":"Hook and Cook"},"image":{"@id":"http:\/\/hookandcook.eu\/hr\/#\/schema\/logo\/image\/"},"sameAs":["https:\/\/www.facebook.com\/HookCook-Pula-318130468639931\/"]}]}},"builder_content":"<h1 style=\"text-align: center;\">Hook and Cook Dnevnik<\/h1>\n<img src=\"http:\/\/hookandcook.eu\/wp-content\/uploads\/2020\/02\/srdelica_brake.png\" width=\"300\" title=\"srdelica_brake\" alt=\"srdelica_brake\">\n<img src=\"http:\/\/hookandcook.eu\/wp-content\/uploads\/2020\/02\/srdelica_brake.png\" title=\"srdelica_brake\" alt=\"srdelica_brake\">","_links":{"self":[{"href":"http:\/\/hookandcook.eu\/hr\/wp-json\/wp\/v2\/pages\/1502","targetHints":{"allow":["GET"]}}],"collection":[{"href":"http:\/\/hookandcook.eu\/hr\/wp-json\/wp\/v2\/pages"}],"about":[{"href":"http:\/\/hookandcook.eu\/hr\/wp-json\/wp\/v2\/types\/page"}],"author":[{"embeddable":true,"href":"http:\/\/hookandcook.eu\/hr\/wp-json\/wp\/v2\/users\/2"}],"replies":[{"embeddable":true,"href":"http:\/\/hookandcook.eu\/hr\/wp-json\/wp\/v2\/comments?post=1502"}],"version-history":[{"count":3,"href":"http:\/\/hookandcook.eu\/hr\/wp-json\/wp\/v2\/pages\/1502\/revisions"}],"predecessor-version":[{"id":1505,"href":"http:\/\/hookandcook.eu\/hr\/wp-json\/wp\/v2\/pages\/1502\/revisions\/1505"}],"wp:attachment":[{"href":"http:\/\/hookandcook.eu\/hr\/wp-json\/wp\/v2\/media?parent=1502"}],"curies":[{"name":"wp","href":"https:\/\/api.w.org\/{rel}","templated":true}]}}